{"id":44683,"date":"2026-03-30T14:33:45","date_gmt":"2026-03-30T12:33:45","guid":{"rendered":"https:\/\/mailcommsgroup.com\/api-de-integration-with-certysign\/"},"modified":"2026-04-06T16:59:00","modified_gmt":"2026-04-06T14:59:00","slug":"api-de-integration-with-certysign","status":"publish","type":"page","link":"https:\/\/mailcommsgroup.com\/pt\/plataformas-tecnologicas\/certificacao-e-assinatura-de-comunicacoes-e-transaccoes\/api-de-integration-with-certysign\/","title":{"rendered":"Integra\u00e7\u00e3o da API com a CertySign: \u00e1gil, f\u00e1cil de utilizar"},"content":{"rendered":"","protected":false},"excerpt":{"rendered":"","protected":false},"author":1,"featured_media":44381,"parent":20533,"menu_order":0,"comment_status":"closed","ping_status":"closed","template":"intro-modular.php","meta":{"_acf_changed":false,"footnotes":""},"class_list":["post-44683","page","type-page","status-publish","has-post-thumbnail","hentry"],"acf":[],"yoast_head":"<!-- This site is optimized with the Yoast SEO plugin v27.2 - https:\/\/yoast.com\/product\/yoast-seo-wordpress\/ -->\n<title>Integra\u00e7\u00e3o da API com a CertySign: \u00e1gil, f\u00e1cil de utilizar<\/title>\n<meta name=\"description\" content=\"A nossa API REST permite-te ligar facilmente os teus sistemas empresariais \u00e0 CertySign e tirar o m\u00e1ximo partido da nossa plataforma.\" \/>\n<meta name=\"robots\" content=\"index, follow, max-snippet:-1, max-image-preview:large, max-video-preview:-1\" \/>\n<link rel=\"canonical\" href=\"https:\/\/mailcommsgroup.com\/pt\/plataformas-tecnologicas\/certificacao-e-assinatura-de-comunicacoes-e-transaccoes\/api-de-integration-with-certysign\/\" \/>\n<meta property=\"og:locale\" content=\"pt_PT\" \/>\n<meta property=\"og:type\" content=\"article\" \/>\n<meta property=\"og:title\" content=\"Integra\u00e7\u00e3o da API com a CertySign: \u00e1gil, f\u00e1cil de utilizar\" \/>\n<meta property=\"og:description\" content=\"A nossa API REST permite-te ligar facilmente os teus sistemas empresariais \u00e0 CertySign e tirar o m\u00e1ximo partido da nossa plataforma.\" \/>\n<meta property=\"og:url\" content=\"https:\/\/mailcommsgroup.com\/pt\/plataformas-tecnologicas\/certificacao-e-assinatura-de-comunicacoes-e-transaccoes\/api-de-integration-with-certysign\/\" \/>\n<meta property=\"og:site_name\" content=\"Mailcomms Group\" \/>\n<meta property=\"article:modified_time\" content=\"2026-04-06T14:59:00+00:00\" \/>\n<meta property=\"og:image\" content=\"https:\/\/mailcommsgroup.com\/wp-content\/uploads\/2026\/03\/api-integracion-certysign-2.webp\" \/>\n\t<meta property=\"og:image:width\" content=\"1920\" \/>\n\t<meta property=\"og:image:height\" content=\"425\" \/>\n\t<meta property=\"og:image:type\" content=\"image\/webp\" \/>\n<meta name=\"twitter:card\" content=\"summary_large_image\" \/>\n<meta name=\"twitter:site\" content=\"@CommsCustomer\" \/>\n<script type=\"application\/ld+json\" class=\"yoast-schema-graph\">{\"@context\":\"https:\/\/schema.org\",\"@graph\":[{\"@type\":\"WebPage\",\"@id\":\"https:\/\/mailcommsgroup.com\/pt\/plataformas-tecnologicas\/certificacao-e-assinatura-de-comunicacoes-e-transaccoes\/api-de-integration-with-certysign\/\",\"url\":\"https:\/\/mailcommsgroup.com\/pt\/plataformas-tecnologicas\/certificacao-e-assinatura-de-comunicacoes-e-transaccoes\/api-de-integration-with-certysign\/\",\"name\":\"Integra\u00e7\u00e3o da API com a CertySign: \u00e1gil, f\u00e1cil de utilizar\",\"isPartOf\":{\"@id\":\"https:\/\/mailcommsgroup.com\/pt\/#website\"},\"primaryImageOfPage\":{\"@id\":\"https:\/\/mailcommsgroup.com\/pt\/plataformas-tecnologicas\/certificacao-e-assinatura-de-comunicacoes-e-transaccoes\/api-de-integration-with-certysign\/#primaryimage\"},\"image\":{\"@id\":\"https:\/\/mailcommsgroup.com\/pt\/plataformas-tecnologicas\/certificacao-e-assinatura-de-comunicacoes-e-transaccoes\/api-de-integration-with-certysign\/#primaryimage\"},\"thumbnailUrl\":\"https:\/\/mailcommsgroup.com\/wp-content\/uploads\/2026\/03\/api-integracion-certysign-2.webp\",\"datePublished\":\"2026-03-30T12:33:45+00:00\",\"dateModified\":\"2026-04-06T14:59:00+00:00\",\"description\":\"A nossa API REST permite-te ligar facilmente os teus sistemas empresariais \u00e0 CertySign e tirar o m\u00e1ximo partido da nossa plataforma.\",\"breadcrumb\":{\"@id\":\"https:\/\/mailcommsgroup.com\/pt\/plataformas-tecnologicas\/certificacao-e-assinatura-de-comunicacoes-e-transaccoes\/api-de-integration-with-certysign\/#breadcrumb\"},\"inLanguage\":\"pt-PT\",\"potentialAction\":[{\"@type\":\"ReadAction\",\"target\":[\"https:\/\/mailcommsgroup.com\/pt\/plataformas-tecnologicas\/certificacao-e-assinatura-de-comunicacoes-e-transaccoes\/api-de-integration-with-certysign\/\"]}]},{\"@type\":\"ImageObject\",\"inLanguage\":\"pt-PT\",\"@id\":\"https:\/\/mailcommsgroup.com\/pt\/plataformas-tecnologicas\/certificacao-e-assinatura-de-comunicacoes-e-transaccoes\/api-de-integration-with-certysign\/#primaryimage\",\"url\":\"https:\/\/mailcommsgroup.com\/wp-content\/uploads\/2026\/03\/api-integracion-certysign-2.webp\",\"contentUrl\":\"https:\/\/mailcommsgroup.com\/wp-content\/uploads\/2026\/03\/api-integracion-certysign-2.webp\",\"width\":1920,\"height\":425,\"caption\":\"API de integraci\u00f3n con CertySign\"},{\"@type\":\"BreadcrumbList\",\"@id\":\"https:\/\/mailcommsgroup.com\/pt\/plataformas-tecnologicas\/certificacao-e-assinatura-de-comunicacoes-e-transaccoes\/api-de-integration-with-certysign\/#breadcrumb\",\"itemListElement\":[{\"@type\":\"ListItem\",\"position\":1,\"name\":\"Mailcomms Group\",\"item\":\"https:\/\/mailcommsgroup.com\/pt\/\"},{\"@type\":\"ListItem\",\"position\":2,\"name\":\"Plataformas tecnol\u00f3gicas\",\"item\":\"https:\/\/mailcommsgroup.com\/pt\/plataformas-tecnologicas\/\"},{\"@type\":\"ListItem\",\"position\":3,\"name\":\"CertySign\",\"item\":\"https:\/\/mailcommsgroup.com\/pt\/plataformas-tecnologicas\/certificacao-e-assinatura-de-comunicacoes-e-transaccoes\/\"},{\"@type\":\"ListItem\",\"position\":4,\"name\":\"Integra\u00e7\u00e3o da API com a CertySign: \u00e1gil, f\u00e1cil de utilizar\"}]},{\"@type\":\"WebSite\",\"@id\":\"https:\/\/mailcommsgroup.com\/pt\/#website\",\"url\":\"https:\/\/mailcommsgroup.com\/pt\/\",\"name\":\"MailComms Group\",\"description\":\"La transformaci\u00f3n digital a trav\u00e9s de la comunicaci\u00f3n omnicanal, con plena validez legal.\",\"publisher\":{\"@id\":\"https:\/\/mailcommsgroup.com\/pt\/#organization\"},\"alternateName\":\"MailComms Group\",\"potentialAction\":[{\"@type\":\"SearchAction\",\"target\":{\"@type\":\"EntryPoint\",\"urlTemplate\":\"https:\/\/mailcommsgroup.com\/pt\/?s={search_term_string}\"},\"query-input\":{\"@type\":\"PropertyValueSpecification\",\"valueRequired\":true,\"valueName\":\"search_term_string\"}}],\"inLanguage\":\"pt-PT\"},{\"@type\":\"Organization\",\"@id\":\"https:\/\/mailcommsgroup.com\/pt\/#organization\",\"name\":\"MailComms Group - Soluciones de comunicaci\u00f3n omnicanal con validez legal.\",\"alternateName\":\"MailComms Group\",\"url\":\"https:\/\/mailcommsgroup.com\/pt\/\",\"logo\":{\"@type\":\"ImageObject\",\"inLanguage\":\"pt-PT\",\"@id\":\"https:\/\/mailcommsgroup.com\/pt\/#\/schema\/logo\/image\/\",\"url\":\"https:\/\/mailcommsgroup.com\/wp-content\/uploads\/2023\/05\/icon_mini_mailcommsgroup.png\",\"contentUrl\":\"https:\/\/mailcommsgroup.com\/wp-content\/uploads\/2023\/05\/icon_mini_mailcommsgroup.png\",\"width\":512,\"height\":512,\"caption\":\"MailComms Group - Soluciones de comunicaci\u00f3n omnicanal con validez legal.\"},\"image\":{\"@id\":\"https:\/\/mailcommsgroup.com\/pt\/#\/schema\/logo\/image\/\"},\"sameAs\":[\"https:\/\/x.com\/CommsCustomer\",\"https:\/\/www.linkedin.com\/company\/customercomms\/\",\"https:\/\/www.youtube.com\/channel\/UCtvYLee1QHy89JS2-gMgnTQ\"]}]}<\/script>\n<!-- \/ Yoast SEO plugin. -->","yoast_head_json":{"title":"Integra\u00e7\u00e3o da API com a CertySign: \u00e1gil, f\u00e1cil de utilizar","description":"A nossa API REST permite-te ligar facilmente os teus sistemas empresariais \u00e0 CertySign e tirar o m\u00e1ximo partido da nossa plataforma.","robots":{"index":"index","follow":"follow","max-snippet":"max-snippet:-1","max-image-preview":"max-image-preview:large","max-video-preview":"max-video-preview:-1"},"canonical":"https:\/\/mailcommsgroup.com\/pt\/plataformas-tecnologicas\/certificacao-e-assinatura-de-comunicacoes-e-transaccoes\/api-de-integration-with-certysign\/","og_locale":"pt_PT","og_type":"article","og_title":"Integra\u00e7\u00e3o da API com a CertySign: \u00e1gil, f\u00e1cil de utilizar","og_description":"A nossa API REST permite-te ligar facilmente os teus sistemas empresariais \u00e0 CertySign e tirar o m\u00e1ximo partido da nossa plataforma.","og_url":"https:\/\/mailcommsgroup.com\/pt\/plataformas-tecnologicas\/certificacao-e-assinatura-de-comunicacoes-e-transaccoes\/api-de-integration-with-certysign\/","og_site_name":"Mailcomms Group","article_modified_time":"2026-04-06T14:59:00+00:00","og_image":[{"width":1920,"height":425,"url":"https:\/\/mailcommsgroup.com\/wp-content\/uploads\/2026\/03\/api-integracion-certysign-2.webp","type":"image\/webp"}],"twitter_card":"summary_large_image","twitter_site":"@CommsCustomer","schema":{"@context":"https:\/\/schema.org","@graph":[{"@type":"WebPage","@id":"https:\/\/mailcommsgroup.com\/pt\/plataformas-tecnologicas\/certificacao-e-assinatura-de-comunicacoes-e-transaccoes\/api-de-integration-with-certysign\/","url":"https:\/\/mailcommsgroup.com\/pt\/plataformas-tecnologicas\/certificacao-e-assinatura-de-comunicacoes-e-transaccoes\/api-de-integration-with-certysign\/","name":"Integra\u00e7\u00e3o da API com a CertySign: \u00e1gil, f\u00e1cil de utilizar","isPartOf":{"@id":"https:\/\/mailcommsgroup.com\/pt\/#website"},"primaryImageOfPage":{"@id":"https:\/\/mailcommsgroup.com\/pt\/plataformas-tecnologicas\/certificacao-e-assinatura-de-comunicacoes-e-transaccoes\/api-de-integration-with-certysign\/#primaryimage"},"image":{"@id":"https:\/\/mailcommsgroup.com\/pt\/plataformas-tecnologicas\/certificacao-e-assinatura-de-comunicacoes-e-transaccoes\/api-de-integration-with-certysign\/#primaryimage"},"thumbnailUrl":"https:\/\/mailcommsgroup.com\/wp-content\/uploads\/2026\/03\/api-integracion-certysign-2.webp","datePublished":"2026-03-30T12:33:45+00:00","dateModified":"2026-04-06T14:59:00+00:00","description":"A nossa API REST permite-te ligar facilmente os teus sistemas empresariais \u00e0 CertySign e tirar o m\u00e1ximo partido da nossa plataforma.","breadcrumb":{"@id":"https:\/\/mailcommsgroup.com\/pt\/plataformas-tecnologicas\/certificacao-e-assinatura-de-comunicacoes-e-transaccoes\/api-de-integration-with-certysign\/#breadcrumb"},"inLanguage":"pt-PT","potentialAction":[{"@type":"ReadAction","target":["https:\/\/mailcommsgroup.com\/pt\/plataformas-tecnologicas\/certificacao-e-assinatura-de-comunicacoes-e-transaccoes\/api-de-integration-with-certysign\/"]}]},{"@type":"ImageObject","inLanguage":"pt-PT","@id":"https:\/\/mailcommsgroup.com\/pt\/plataformas-tecnologicas\/certificacao-e-assinatura-de-comunicacoes-e-transaccoes\/api-de-integration-with-certysign\/#primaryimage","url":"https:\/\/mailcommsgroup.com\/wp-content\/uploads\/2026\/03\/api-integracion-certysign-2.webp","contentUrl":"https:\/\/mailcommsgroup.com\/wp-content\/uploads\/2026\/03\/api-integracion-certysign-2.webp","width":1920,"height":425,"caption":"API de integraci\u00f3n con CertySign"},{"@type":"BreadcrumbList","@id":"https:\/\/mailcommsgroup.com\/pt\/plataformas-tecnologicas\/certificacao-e-assinatura-de-comunicacoes-e-transaccoes\/api-de-integration-with-certysign\/#breadcrumb","itemListElement":[{"@type":"ListItem","position":1,"name":"Mailcomms Group","item":"https:\/\/mailcommsgroup.com\/pt\/"},{"@type":"ListItem","position":2,"name":"Plataformas tecnol\u00f3gicas","item":"https:\/\/mailcommsgroup.com\/pt\/plataformas-tecnologicas\/"},{"@type":"ListItem","position":3,"name":"CertySign","item":"https:\/\/mailcommsgroup.com\/pt\/plataformas-tecnologicas\/certificacao-e-assinatura-de-comunicacoes-e-transaccoes\/"},{"@type":"ListItem","position":4,"name":"Integra\u00e7\u00e3o da API com a CertySign: \u00e1gil, f\u00e1cil de utilizar"}]},{"@type":"WebSite","@id":"https:\/\/mailcommsgroup.com\/pt\/#website","url":"https:\/\/mailcommsgroup.com\/pt\/","name":"MailComms Group","description":"La transformaci\u00f3n digital a trav\u00e9s de la comunicaci\u00f3n omnicanal, con plena validez legal.","publisher":{"@id":"https:\/\/mailcommsgroup.com\/pt\/#organization"},"alternateName":"MailComms Group","potentialAction":[{"@type":"SearchAction","target":{"@type":"EntryPoint","urlTemplate":"https:\/\/mailcommsgroup.com\/pt\/?s={search_term_string}"},"query-input":{"@type":"PropertyValueSpecification","valueRequired":true,"valueName":"search_term_string"}}],"inLanguage":"pt-PT"},{"@type":"Organization","@id":"https:\/\/mailcommsgroup.com\/pt\/#organization","name":"MailComms Group - Soluciones de comunicaci\u00f3n omnicanal con validez legal.","alternateName":"MailComms Group","url":"https:\/\/mailcommsgroup.com\/pt\/","logo":{"@type":"ImageObject","inLanguage":"pt-PT","@id":"https:\/\/mailcommsgroup.com\/pt\/#\/schema\/logo\/image\/","url":"https:\/\/mailcommsgroup.com\/wp-content\/uploads\/2023\/05\/icon_mini_mailcommsgroup.png","contentUrl":"https:\/\/mailcommsgroup.com\/wp-content\/uploads\/2023\/05\/icon_mini_mailcommsgroup.png","width":512,"height":512,"caption":"MailComms Group - Soluciones de comunicaci\u00f3n omnicanal con validez legal."},"image":{"@id":"https:\/\/mailcommsgroup.com\/pt\/#\/schema\/logo\/image\/"},"sameAs":["https:\/\/x.com\/CommsCustomer","https:\/\/www.linkedin.com\/company\/customercomms\/","https:\/\/www.youtube.com\/channel\/UCtvYLee1QHy89JS2-gMgnTQ"]}]}},"_links":{"self":[{"href":"https:\/\/mailcommsgroup.com\/pt\/wp-json\/wp\/v2\/pages\/44683","targetHints":{"allow":["GET"]}}],"collection":[{"href":"https:\/\/mailcommsgroup.com\/pt\/wp-json\/wp\/v2\/pages"}],"about":[{"href":"https:\/\/mailcommsgroup.com\/pt\/wp-json\/wp\/v2\/types\/page"}],"author":[{"embeddable":true,"href":"https:\/\/mailcommsgroup.com\/pt\/wp-json\/wp\/v2\/users\/1"}],"replies":[{"embeddable":true,"href":"https:\/\/mailcommsgroup.com\/pt\/wp-json\/wp\/v2\/comments?post=44683"}],"version-history":[{"count":1,"href":"https:\/\/mailcommsgroup.com\/pt\/wp-json\/wp\/v2\/pages\/44683\/revisions"}],"predecessor-version":[{"id":44684,"href":"https:\/\/mailcommsgroup.com\/pt\/wp-json\/wp\/v2\/pages\/44683\/revisions\/44684"}],"up":[{"embeddable":true,"href":"https:\/\/mailcommsgroup.com\/pt\/wp-json\/wp\/v2\/pages\/20533"}],"wp:featuredmedia":[{"embeddable":true,"href":"https:\/\/mailcommsgroup.com\/pt\/wp-json\/wp\/v2\/media\/44381"}],"wp:attachment":[{"href":"https:\/\/mailcommsgroup.com\/pt\/wp-json\/wp\/v2\/media?parent=44683"}],"curies":[{"name":"wp","href":"https:\/\/api.w.org\/{rel}","templated":true}]}}