{"id":33734,"date":"2025-04-25T09:52:50","date_gmt":"2025-04-25T07:52:50","guid":{"rendered":"https:\/\/mailcommsgroup.com\/?page_id=33734"},"modified":"2025-04-30T12:25:50","modified_gmt":"2025-04-30T10:25:50","slug":"masc","status":"publish","type":"page","link":"https:\/\/mailcommsgroup.com\/pt\/solucoes-de-conformidade-regulamentar\/masc\/","title":{"rendered":"MASC"},"content":{"rendered":"","protected":false},"excerpt":{"rendered":"","protected":false},"author":1,"featured_media":0,"parent":20532,"menu_order":0,"comment_status":"closed","ping_status":"closed","template":"intro-modular.php","meta":{"_acf_changed":false,"footnotes":""},"class_list":["post-33734","page","type-page","status-publish","hentry"],"acf":[],"yoast_head":"<!-- This site is optimized with the Yoast SEO plugin v27.2 - https:\/\/yoast.com\/product\/yoast-seo-wordpress\/ -->\n<title>Digitaliza de forma segura os processos ADR<\/title>\n<meta name=\"description\" content=\"No MailComms Group, colocamos \u00e0 tua disposi\u00e7\u00e3o um conjunto de ferramentas digitais concebidas para facilitar a transforma\u00e7\u00e3o digital dos ADR.\" \/>\n<meta name=\"robots\" content=\"index, follow, max-snippet:-1, max-image-preview:large, max-video-preview:-1\" \/>\n<link rel=\"canonical\" href=\"https:\/\/mailcommsgroup.com\/pt\/solucoes-de-conformidade-regulamentar\/masc\/\" \/>\n<meta property=\"og:locale\" content=\"pt_PT\" \/>\n<meta property=\"og:type\" content=\"article\" \/>\n<meta property=\"og:title\" content=\"Digitaliza de forma segura os processos ADR\" \/>\n<meta property=\"og:description\" content=\"No MailComms Group, colocamos \u00e0 tua disposi\u00e7\u00e3o um conjunto de ferramentas digitais concebidas para facilitar a transforma\u00e7\u00e3o digital dos ADR.\" \/>\n<meta property=\"og:url\" content=\"https:\/\/mailcommsgroup.com\/pt\/solucoes-de-conformidade-regulamentar\/masc\/\" \/>\n<meta property=\"og:site_name\" content=\"Mailcomms Group\" \/>\n<meta property=\"article:modified_time\" content=\"2025-04-30T10:25:50+00:00\" \/>\n<meta property=\"og:image\" content=\"https:\/\/mailcommsgroup.com\/wp-content\/uploads\/2023\/04\/Logo-2023-MailTeck-Customer-Comms-RGB.png\" \/>\n\t<meta property=\"og:image:width\" content=\"500\" \/>\n\t<meta property=\"og:image:height\" content=\"108\" \/>\n\t<meta property=\"og:image:type\" content=\"image\/png\" \/>\n<meta name=\"twitter:card\" content=\"summary_large_image\" \/>\n<meta name=\"twitter:site\" content=\"@CommsCustomer\" \/>\n<script type=\"application\/ld+json\" class=\"yoast-schema-graph\">{\"@context\":\"https:\/\/schema.org\",\"@graph\":[{\"@type\":\"WebPage\",\"@id\":\"https:\/\/mailcommsgroup.com\/pt\/solucoes-de-conformidade-regulamentar\/masc\/\",\"url\":\"https:\/\/mailcommsgroup.com\/pt\/solucoes-de-conformidade-regulamentar\/masc\/\",\"name\":\"Digitaliza de forma segura os processos ADR\",\"isPartOf\":{\"@id\":\"https:\/\/mailcommsgroup.com\/pt\/#website\"},\"datePublished\":\"2025-04-25T07:52:50+00:00\",\"dateModified\":\"2025-04-30T10:25:50+00:00\",\"description\":\"No MailComms Group, colocamos \u00e0 tua disposi\u00e7\u00e3o um conjunto de ferramentas digitais concebidas para facilitar a transforma\u00e7\u00e3o digital dos ADR.\",\"breadcrumb\":{\"@id\":\"https:\/\/mailcommsgroup.com\/pt\/solucoes-de-conformidade-regulamentar\/masc\/#breadcrumb\"},\"inLanguage\":\"pt-PT\",\"potentialAction\":[{\"@type\":\"ReadAction\",\"target\":[\"https:\/\/mailcommsgroup.com\/pt\/solucoes-de-conformidade-regulamentar\/masc\/\"]}]},{\"@type\":\"BreadcrumbList\",\"@id\":\"https:\/\/mailcommsgroup.com\/pt\/solucoes-de-conformidade-regulamentar\/masc\/#breadcrumb\",\"itemListElement\":[{\"@type\":\"ListItem\",\"position\":1,\"name\":\"Mailcomms Group\",\"item\":\"https:\/\/mailcommsgroup.com\/pt\/\"},{\"@type\":\"ListItem\",\"position\":2,\"name\":\"Solu\u00e7\u00f5es de conformidade\",\"item\":\"https:\/\/mailcommsgroup.com\/pt\/solucoes-de-conformidade-regulamentar\/\"},{\"@type\":\"ListItem\",\"position\":3,\"name\":\"MASC\"}]},{\"@type\":\"WebSite\",\"@id\":\"https:\/\/mailcommsgroup.com\/pt\/#website\",\"url\":\"https:\/\/mailcommsgroup.com\/pt\/\",\"name\":\"MailComms Group\",\"description\":\"La transformaci\u00f3n digital a trav\u00e9s de la comunicaci\u00f3n omnicanal, con plena validez legal.\",\"publisher\":{\"@id\":\"https:\/\/mailcommsgroup.com\/pt\/#organization\"},\"alternateName\":\"MailComms Group\",\"potentialAction\":[{\"@type\":\"SearchAction\",\"target\":{\"@type\":\"EntryPoint\",\"urlTemplate\":\"https:\/\/mailcommsgroup.com\/pt\/?s={search_term_string}\"},\"query-input\":{\"@type\":\"PropertyValueSpecification\",\"valueRequired\":true,\"valueName\":\"search_term_string\"}}],\"inLanguage\":\"pt-PT\"},{\"@type\":\"Organization\",\"@id\":\"https:\/\/mailcommsgroup.com\/pt\/#organization\",\"name\":\"MailComms Group - Soluciones de comunicaci\u00f3n omnicanal con validez legal.\",\"alternateName\":\"MailComms Group\",\"url\":\"https:\/\/mailcommsgroup.com\/pt\/\",\"logo\":{\"@type\":\"ImageObject\",\"inLanguage\":\"pt-PT\",\"@id\":\"https:\/\/mailcommsgroup.com\/pt\/#\/schema\/logo\/image\/\",\"url\":\"https:\/\/mailcommsgroup.com\/wp-content\/uploads\/2023\/05\/icon_mini_mailcommsgroup.png\",\"contentUrl\":\"https:\/\/mailcommsgroup.com\/wp-content\/uploads\/2023\/05\/icon_mini_mailcommsgroup.png\",\"width\":512,\"height\":512,\"caption\":\"MailComms Group - Soluciones de comunicaci\u00f3n omnicanal con validez legal.\"},\"image\":{\"@id\":\"https:\/\/mailcommsgroup.com\/pt\/#\/schema\/logo\/image\/\"},\"sameAs\":[\"https:\/\/x.com\/CommsCustomer\",\"https:\/\/www.linkedin.com\/company\/customercomms\/\",\"https:\/\/www.youtube.com\/channel\/UCtvYLee1QHy89JS2-gMgnTQ\"]}]}<\/script>\n<!-- \/ Yoast SEO plugin. -->","yoast_head_json":{"title":"Digitaliza de forma segura os processos ADR","description":"No MailComms Group, colocamos \u00e0 tua disposi\u00e7\u00e3o um conjunto de ferramentas digitais concebidas para facilitar a transforma\u00e7\u00e3o digital dos ADR.","robots":{"index":"index","follow":"follow","max-snippet":"max-snippet:-1","max-image-preview":"max-image-preview:large","max-video-preview":"max-video-preview:-1"},"canonical":"https:\/\/mailcommsgroup.com\/pt\/solucoes-de-conformidade-regulamentar\/masc\/","og_locale":"pt_PT","og_type":"article","og_title":"Digitaliza de forma segura os processos ADR","og_description":"No MailComms Group, colocamos \u00e0 tua disposi\u00e7\u00e3o um conjunto de ferramentas digitais concebidas para facilitar a transforma\u00e7\u00e3o digital dos ADR.","og_url":"https:\/\/mailcommsgroup.com\/pt\/solucoes-de-conformidade-regulamentar\/masc\/","og_site_name":"Mailcomms Group","article_modified_time":"2025-04-30T10:25:50+00:00","og_image":[{"width":500,"height":108,"url":"https:\/\/mailcommsgroup.com\/wp-content\/uploads\/2023\/04\/Logo-2023-MailTeck-Customer-Comms-RGB.png","type":"image\/png"}],"twitter_card":"summary_large_image","twitter_site":"@CommsCustomer","schema":{"@context":"https:\/\/schema.org","@graph":[{"@type":"WebPage","@id":"https:\/\/mailcommsgroup.com\/pt\/solucoes-de-conformidade-regulamentar\/masc\/","url":"https:\/\/mailcommsgroup.com\/pt\/solucoes-de-conformidade-regulamentar\/masc\/","name":"Digitaliza de forma segura os processos ADR","isPartOf":{"@id":"https:\/\/mailcommsgroup.com\/pt\/#website"},"datePublished":"2025-04-25T07:52:50+00:00","dateModified":"2025-04-30T10:25:50+00:00","description":"No MailComms Group, colocamos \u00e0 tua disposi\u00e7\u00e3o um conjunto de ferramentas digitais concebidas para facilitar a transforma\u00e7\u00e3o digital dos ADR.","breadcrumb":{"@id":"https:\/\/mailcommsgroup.com\/pt\/solucoes-de-conformidade-regulamentar\/masc\/#breadcrumb"},"inLanguage":"pt-PT","potentialAction":[{"@type":"ReadAction","target":["https:\/\/mailcommsgroup.com\/pt\/solucoes-de-conformidade-regulamentar\/masc\/"]}]},{"@type":"BreadcrumbList","@id":"https:\/\/mailcommsgroup.com\/pt\/solucoes-de-conformidade-regulamentar\/masc\/#breadcrumb","itemListElement":[{"@type":"ListItem","position":1,"name":"Mailcomms Group","item":"https:\/\/mailcommsgroup.com\/pt\/"},{"@type":"ListItem","position":2,"name":"Solu\u00e7\u00f5es de conformidade","item":"https:\/\/mailcommsgroup.com\/pt\/solucoes-de-conformidade-regulamentar\/"},{"@type":"ListItem","position":3,"name":"MASC"}]},{"@type":"WebSite","@id":"https:\/\/mailcommsgroup.com\/pt\/#website","url":"https:\/\/mailcommsgroup.com\/pt\/","name":"MailComms Group","description":"La transformaci\u00f3n digital a trav\u00e9s de la comunicaci\u00f3n omnicanal, con plena validez legal.","publisher":{"@id":"https:\/\/mailcommsgroup.com\/pt\/#organization"},"alternateName":"MailComms Group","potentialAction":[{"@type":"SearchAction","target":{"@type":"EntryPoint","urlTemplate":"https:\/\/mailcommsgroup.com\/pt\/?s={search_term_string}"},"query-input":{"@type":"PropertyValueSpecification","valueRequired":true,"valueName":"search_term_string"}}],"inLanguage":"pt-PT"},{"@type":"Organization","@id":"https:\/\/mailcommsgroup.com\/pt\/#organization","name":"MailComms Group - Soluciones de comunicaci\u00f3n omnicanal con validez legal.","alternateName":"MailComms Group","url":"https:\/\/mailcommsgroup.com\/pt\/","logo":{"@type":"ImageObject","inLanguage":"pt-PT","@id":"https:\/\/mailcommsgroup.com\/pt\/#\/schema\/logo\/image\/","url":"https:\/\/mailcommsgroup.com\/wp-content\/uploads\/2023\/05\/icon_mini_mailcommsgroup.png","contentUrl":"https:\/\/mailcommsgroup.com\/wp-content\/uploads\/2023\/05\/icon_mini_mailcommsgroup.png","width":512,"height":512,"caption":"MailComms Group - Soluciones de comunicaci\u00f3n omnicanal con validez legal."},"image":{"@id":"https:\/\/mailcommsgroup.com\/pt\/#\/schema\/logo\/image\/"},"sameAs":["https:\/\/x.com\/CommsCustomer","https:\/\/www.linkedin.com\/company\/customercomms\/","https:\/\/www.youtube.com\/channel\/UCtvYLee1QHy89JS2-gMgnTQ"]}]}},"_links":{"self":[{"href":"https:\/\/mailcommsgroup.com\/pt\/wp-json\/wp\/v2\/pages\/33734","targetHints":{"allow":["GET"]}}],"collection":[{"href":"https:\/\/mailcommsgroup.com\/pt\/wp-json\/wp\/v2\/pages"}],"about":[{"href":"https:\/\/mailcommsgroup.com\/pt\/wp-json\/wp\/v2\/types\/page"}],"author":[{"embeddable":true,"href":"https:\/\/mailcommsgroup.com\/pt\/wp-json\/wp\/v2\/users\/1"}],"replies":[{"embeddable":true,"href":"https:\/\/mailcommsgroup.com\/pt\/wp-json\/wp\/v2\/comments?post=33734"}],"version-history":[{"count":3,"href":"https:\/\/mailcommsgroup.com\/pt\/wp-json\/wp\/v2\/pages\/33734\/revisions"}],"predecessor-version":[{"id":33999,"href":"https:\/\/mailcommsgroup.com\/pt\/wp-json\/wp\/v2\/pages\/33734\/revisions\/33999"}],"up":[{"embeddable":true,"href":"https:\/\/mailcommsgroup.com\/pt\/wp-json\/wp\/v2\/pages\/20532"}],"wp:attachment":[{"href":"https:\/\/mailcommsgroup.com\/pt\/wp-json\/wp\/v2\/media?parent=33734"}],"curies":[{"name":"wp","href":"https:\/\/api.w.org\/{rel}","templated":true}]}}