{"id":26730,"date":"2024-07-16T13:29:05","date_gmt":"2024-07-16T11:29:05","guid":{"rendered":"https:\/\/mailcommsgroup.com\/?page_id=26730"},"modified":"2025-04-29T14:21:20","modified_gmt":"2025-04-29T12:21:20","slug":"identificacao-video-assistida-e-nao-assistida","status":"publish","type":"page","link":"https:\/\/mailcommsgroup.com\/pt\/identificacao-digital-certificada\/identificacao-video-assistida-e-nao-assistida\/","title":{"rendered":"Identifica\u00e7\u00e3o v\u00eddeo assistida e n\u00e3o assistida"},"content":{"rendered":"","protected":false},"excerpt":{"rendered":"","protected":false},"author":1,"featured_media":31580,"parent":20467,"menu_order":0,"comment_status":"closed","ping_status":"closed","template":"intro-modular.php","meta":{"_acf_changed":false,"footnotes":""},"class_list":["post-26730","page","type-page","status-publish","has-post-thumbnail","hentry"],"acf":[],"yoast_head":"<!-- This site is optimized with the Yoast SEO plugin v27.2 - https:\/\/yoast.com\/product\/yoast-seo-wordpress\/ -->\n<title>Refor\u00e7a a seguran\u00e7a da tua empresa com o VideoIdentification<\/title>\n<meta name=\"description\" content=\"\u2728 Implementar a identifica\u00e7\u00e3o por v\u00eddeo assistida e n\u00e3o assistida Otimizar a seguran\u00e7a, a identifica\u00e7\u00e3o e a integra\u00e7\u00e3o dos utilizadores e proteger os dados na sua empresa.\" \/>\n<meta name=\"robots\" content=\"index, follow, max-snippet:-1, max-image-preview:large, max-video-preview:-1\" \/>\n<link rel=\"canonical\" href=\"https:\/\/mailcommsgroup.com\/pt\/identificacao-digital-certificada\/identificacao-video-assistida-e-nao-assistida\/\" \/>\n<meta property=\"og:locale\" content=\"pt_PT\" \/>\n<meta property=\"og:type\" content=\"article\" \/>\n<meta property=\"og:title\" content=\"Refor\u00e7a a seguran\u00e7a da tua empresa com o VideoIdentification\" \/>\n<meta property=\"og:description\" content=\"\u2728 Implementar a identifica\u00e7\u00e3o por v\u00eddeo assistida e n\u00e3o assistida Otimizar a seguran\u00e7a, a identifica\u00e7\u00e3o e a integra\u00e7\u00e3o dos utilizadores e proteger os dados na sua empresa.\" \/>\n<meta property=\"og:url\" content=\"https:\/\/mailcommsgroup.com\/pt\/identificacao-digital-certificada\/identificacao-video-assistida-e-nao-assistida\/\" \/>\n<meta property=\"og:site_name\" content=\"Mailcomms Group\" \/>\n<meta property=\"article:modified_time\" content=\"2025-04-29T12:21:20+00:00\" \/>\n<meta property=\"og:image\" content=\"https:\/\/mailcommsgroup.com\/wp-content\/uploads\/2025\/01\/cabecera-videoidentificacion.webp\" \/>\n\t<meta property=\"og:image:width\" content=\"420\" \/>\n\t<meta property=\"og:image:height\" content=\"427\" \/>\n\t<meta property=\"og:image:type\" content=\"image\/webp\" \/>\n<meta name=\"twitter:card\" content=\"summary_large_image\" \/>\n<meta name=\"twitter:site\" content=\"@CommsCustomer\" \/>\n<script type=\"application\/ld+json\" class=\"yoast-schema-graph\">{\"@context\":\"https:\/\/schema.org\",\"@graph\":[{\"@type\":\"WebPage\",\"@id\":\"https:\/\/mailcommsgroup.com\/pt\/identificacao-digital-certificada\/identificacao-video-assistida-e-nao-assistida\/\",\"url\":\"https:\/\/mailcommsgroup.com\/pt\/identificacao-digital-certificada\/identificacao-video-assistida-e-nao-assistida\/\",\"name\":\"Refor\u00e7a a seguran\u00e7a da tua empresa com o VideoIdentification\",\"isPartOf\":{\"@id\":\"https:\/\/mailcommsgroup.com\/pt\/#website\"},\"primaryImageOfPage\":{\"@id\":\"https:\/\/mailcommsgroup.com\/pt\/identificacao-digital-certificada\/identificacao-video-assistida-e-nao-assistida\/#primaryimage\"},\"image\":{\"@id\":\"https:\/\/mailcommsgroup.com\/pt\/identificacao-digital-certificada\/identificacao-video-assistida-e-nao-assistida\/#primaryimage\"},\"thumbnailUrl\":\"https:\/\/mailcommsgroup.com\/wp-content\/uploads\/2025\/01\/cabecera-videoidentificacion.webp\",\"datePublished\":\"2024-07-16T11:29:05+00:00\",\"dateModified\":\"2025-04-29T12:21:20+00:00\",\"description\":\"\u2728 Implementar a identifica\u00e7\u00e3o por v\u00eddeo assistida e n\u00e3o assistida Otimizar a seguran\u00e7a, a identifica\u00e7\u00e3o e a integra\u00e7\u00e3o dos utilizadores e proteger os dados na sua empresa.\",\"breadcrumb\":{\"@id\":\"https:\/\/mailcommsgroup.com\/pt\/identificacao-digital-certificada\/identificacao-video-assistida-e-nao-assistida\/#breadcrumb\"},\"inLanguage\":\"pt-PT\",\"potentialAction\":[{\"@type\":\"ReadAction\",\"target\":[\"https:\/\/mailcommsgroup.com\/pt\/identificacao-digital-certificada\/identificacao-video-assistida-e-nao-assistida\/\"]}]},{\"@type\":\"ImageObject\",\"inLanguage\":\"pt-PT\",\"@id\":\"https:\/\/mailcommsgroup.com\/pt\/identificacao-digital-certificada\/identificacao-video-assistida-e-nao-assistida\/#primaryimage\",\"url\":\"https:\/\/mailcommsgroup.com\/wp-content\/uploads\/2025\/01\/cabecera-videoidentificacion.webp\",\"contentUrl\":\"https:\/\/mailcommsgroup.com\/wp-content\/uploads\/2025\/01\/cabecera-videoidentificacion.webp\",\"width\":420,\"height\":427,\"caption\":\"Videoidentificaci\u00f3n asistida y desasistida\"},{\"@type\":\"BreadcrumbList\",\"@id\":\"https:\/\/mailcommsgroup.com\/pt\/identificacao-digital-certificada\/identificacao-video-assistida-e-nao-assistida\/#breadcrumb\",\"itemListElement\":[{\"@type\":\"ListItem\",\"position\":1,\"name\":\"Mailcomms Group\",\"item\":\"https:\/\/mailcommsgroup.com\/pt\/\"},{\"@type\":\"ListItem\",\"position\":2,\"name\":\"Identifica\u00e7\u00e3o digital certificada\",\"item\":\"https:\/\/mailcommsgroup.com\/pt\/identificacao-digital-certificada\/\"},{\"@type\":\"ListItem\",\"position\":3,\"name\":\"Identifica\u00e7\u00e3o v\u00eddeo assistida e n\u00e3o assistida\"}]},{\"@type\":\"WebSite\",\"@id\":\"https:\/\/mailcommsgroup.com\/pt\/#website\",\"url\":\"https:\/\/mailcommsgroup.com\/pt\/\",\"name\":\"MailComms Group\",\"description\":\"La transformaci\u00f3n digital a trav\u00e9s de la comunicaci\u00f3n omnicanal, con plena validez legal.\",\"publisher\":{\"@id\":\"https:\/\/mailcommsgroup.com\/pt\/#organization\"},\"alternateName\":\"MailComms Group\",\"potentialAction\":[{\"@type\":\"SearchAction\",\"target\":{\"@type\":\"EntryPoint\",\"urlTemplate\":\"https:\/\/mailcommsgroup.com\/pt\/?s={search_term_string}\"},\"query-input\":{\"@type\":\"PropertyValueSpecification\",\"valueRequired\":true,\"valueName\":\"search_term_string\"}}],\"inLanguage\":\"pt-PT\"},{\"@type\":\"Organization\",\"@id\":\"https:\/\/mailcommsgroup.com\/pt\/#organization\",\"name\":\"MailComms Group - Soluciones de comunicaci\u00f3n omnicanal con validez legal.\",\"alternateName\":\"MailComms Group\",\"url\":\"https:\/\/mailcommsgroup.com\/pt\/\",\"logo\":{\"@type\":\"ImageObject\",\"inLanguage\":\"pt-PT\",\"@id\":\"https:\/\/mailcommsgroup.com\/pt\/#\/schema\/logo\/image\/\",\"url\":\"https:\/\/mailcommsgroup.com\/wp-content\/uploads\/2023\/05\/icon_mini_mailcommsgroup.png\",\"contentUrl\":\"https:\/\/mailcommsgroup.com\/wp-content\/uploads\/2023\/05\/icon_mini_mailcommsgroup.png\",\"width\":512,\"height\":512,\"caption\":\"MailComms Group - Soluciones de comunicaci\u00f3n omnicanal con validez legal.\"},\"image\":{\"@id\":\"https:\/\/mailcommsgroup.com\/pt\/#\/schema\/logo\/image\/\"},\"sameAs\":[\"https:\/\/x.com\/CommsCustomer\",\"https:\/\/www.linkedin.com\/company\/customercomms\/\",\"https:\/\/www.youtube.com\/channel\/UCtvYLee1QHy89JS2-gMgnTQ\"]}]}<\/script>\n<!-- \/ Yoast SEO plugin. -->","yoast_head_json":{"title":"Refor\u00e7a a seguran\u00e7a da tua empresa com o VideoIdentification","description":"\u2728 Implementar a identifica\u00e7\u00e3o por v\u00eddeo assistida e n\u00e3o assistida Otimizar a seguran\u00e7a, a identifica\u00e7\u00e3o e a integra\u00e7\u00e3o dos utilizadores e proteger os dados na sua empresa.","robots":{"index":"index","follow":"follow","max-snippet":"max-snippet:-1","max-image-preview":"max-image-preview:large","max-video-preview":"max-video-preview:-1"},"canonical":"https:\/\/mailcommsgroup.com\/pt\/identificacao-digital-certificada\/identificacao-video-assistida-e-nao-assistida\/","og_locale":"pt_PT","og_type":"article","og_title":"Refor\u00e7a a seguran\u00e7a da tua empresa com o VideoIdentification","og_description":"\u2728 Implementar a identifica\u00e7\u00e3o por v\u00eddeo assistida e n\u00e3o assistida Otimizar a seguran\u00e7a, a identifica\u00e7\u00e3o e a integra\u00e7\u00e3o dos utilizadores e proteger os dados na sua empresa.","og_url":"https:\/\/mailcommsgroup.com\/pt\/identificacao-digital-certificada\/identificacao-video-assistida-e-nao-assistida\/","og_site_name":"Mailcomms Group","article_modified_time":"2025-04-29T12:21:20+00:00","og_image":[{"width":420,"height":427,"url":"https:\/\/mailcommsgroup.com\/wp-content\/uploads\/2025\/01\/cabecera-videoidentificacion.webp","type":"image\/webp"}],"twitter_card":"summary_large_image","twitter_site":"@CommsCustomer","schema":{"@context":"https:\/\/schema.org","@graph":[{"@type":"WebPage","@id":"https:\/\/mailcommsgroup.com\/pt\/identificacao-digital-certificada\/identificacao-video-assistida-e-nao-assistida\/","url":"https:\/\/mailcommsgroup.com\/pt\/identificacao-digital-certificada\/identificacao-video-assistida-e-nao-assistida\/","name":"Refor\u00e7a a seguran\u00e7a da tua empresa com o VideoIdentification","isPartOf":{"@id":"https:\/\/mailcommsgroup.com\/pt\/#website"},"primaryImageOfPage":{"@id":"https:\/\/mailcommsgroup.com\/pt\/identificacao-digital-certificada\/identificacao-video-assistida-e-nao-assistida\/#primaryimage"},"image":{"@id":"https:\/\/mailcommsgroup.com\/pt\/identificacao-digital-certificada\/identificacao-video-assistida-e-nao-assistida\/#primaryimage"},"thumbnailUrl":"https:\/\/mailcommsgroup.com\/wp-content\/uploads\/2025\/01\/cabecera-videoidentificacion.webp","datePublished":"2024-07-16T11:29:05+00:00","dateModified":"2025-04-29T12:21:20+00:00","description":"\u2728 Implementar a identifica\u00e7\u00e3o por v\u00eddeo assistida e n\u00e3o assistida Otimizar a seguran\u00e7a, a identifica\u00e7\u00e3o e a integra\u00e7\u00e3o dos utilizadores e proteger os dados na sua empresa.","breadcrumb":{"@id":"https:\/\/mailcommsgroup.com\/pt\/identificacao-digital-certificada\/identificacao-video-assistida-e-nao-assistida\/#breadcrumb"},"inLanguage":"pt-PT","potentialAction":[{"@type":"ReadAction","target":["https:\/\/mailcommsgroup.com\/pt\/identificacao-digital-certificada\/identificacao-video-assistida-e-nao-assistida\/"]}]},{"@type":"ImageObject","inLanguage":"pt-PT","@id":"https:\/\/mailcommsgroup.com\/pt\/identificacao-digital-certificada\/identificacao-video-assistida-e-nao-assistida\/#primaryimage","url":"https:\/\/mailcommsgroup.com\/wp-content\/uploads\/2025\/01\/cabecera-videoidentificacion.webp","contentUrl":"https:\/\/mailcommsgroup.com\/wp-content\/uploads\/2025\/01\/cabecera-videoidentificacion.webp","width":420,"height":427,"caption":"Videoidentificaci\u00f3n asistida y desasistida"},{"@type":"BreadcrumbList","@id":"https:\/\/mailcommsgroup.com\/pt\/identificacao-digital-certificada\/identificacao-video-assistida-e-nao-assistida\/#breadcrumb","itemListElement":[{"@type":"ListItem","position":1,"name":"Mailcomms Group","item":"https:\/\/mailcommsgroup.com\/pt\/"},{"@type":"ListItem","position":2,"name":"Identifica\u00e7\u00e3o digital certificada","item":"https:\/\/mailcommsgroup.com\/pt\/identificacao-digital-certificada\/"},{"@type":"ListItem","position":3,"name":"Identifica\u00e7\u00e3o v\u00eddeo assistida e n\u00e3o assistida"}]},{"@type":"WebSite","@id":"https:\/\/mailcommsgroup.com\/pt\/#website","url":"https:\/\/mailcommsgroup.com\/pt\/","name":"MailComms Group","description":"La transformaci\u00f3n digital a trav\u00e9s de la comunicaci\u00f3n omnicanal, con plena validez legal.","publisher":{"@id":"https:\/\/mailcommsgroup.com\/pt\/#organization"},"alternateName":"MailComms Group","potentialAction":[{"@type":"SearchAction","target":{"@type":"EntryPoint","urlTemplate":"https:\/\/mailcommsgroup.com\/pt\/?s={search_term_string}"},"query-input":{"@type":"PropertyValueSpecification","valueRequired":true,"valueName":"search_term_string"}}],"inLanguage":"pt-PT"},{"@type":"Organization","@id":"https:\/\/mailcommsgroup.com\/pt\/#organization","name":"MailComms Group - Soluciones de comunicaci\u00f3n omnicanal con validez legal.","alternateName":"MailComms Group","url":"https:\/\/mailcommsgroup.com\/pt\/","logo":{"@type":"ImageObject","inLanguage":"pt-PT","@id":"https:\/\/mailcommsgroup.com\/pt\/#\/schema\/logo\/image\/","url":"https:\/\/mailcommsgroup.com\/wp-content\/uploads\/2023\/05\/icon_mini_mailcommsgroup.png","contentUrl":"https:\/\/mailcommsgroup.com\/wp-content\/uploads\/2023\/05\/icon_mini_mailcommsgroup.png","width":512,"height":512,"caption":"MailComms Group - Soluciones de comunicaci\u00f3n omnicanal con validez legal."},"image":{"@id":"https:\/\/mailcommsgroup.com\/pt\/#\/schema\/logo\/image\/"},"sameAs":["https:\/\/x.com\/CommsCustomer","https:\/\/www.linkedin.com\/company\/customercomms\/","https:\/\/www.youtube.com\/channel\/UCtvYLee1QHy89JS2-gMgnTQ"]}]}},"_links":{"self":[{"href":"https:\/\/mailcommsgroup.com\/pt\/wp-json\/wp\/v2\/pages\/26730","targetHints":{"allow":["GET"]}}],"collection":[{"href":"https:\/\/mailcommsgroup.com\/pt\/wp-json\/wp\/v2\/pages"}],"about":[{"href":"https:\/\/mailcommsgroup.com\/pt\/wp-json\/wp\/v2\/types\/page"}],"author":[{"embeddable":true,"href":"https:\/\/mailcommsgroup.com\/pt\/wp-json\/wp\/v2\/users\/1"}],"replies":[{"embeddable":true,"href":"https:\/\/mailcommsgroup.com\/pt\/wp-json\/wp\/v2\/comments?post=26730"}],"version-history":[{"count":2,"href":"https:\/\/mailcommsgroup.com\/pt\/wp-json\/wp\/v2\/pages\/26730\/revisions"}],"predecessor-version":[{"id":27800,"href":"https:\/\/mailcommsgroup.com\/pt\/wp-json\/wp\/v2\/pages\/26730\/revisions\/27800"}],"up":[{"embeddable":true,"href":"https:\/\/mailcommsgroup.com\/pt\/wp-json\/wp\/v2\/pages\/20467"}],"wp:featuredmedia":[{"embeddable":true,"href":"https:\/\/mailcommsgroup.com\/pt\/wp-json\/wp\/v2\/media\/31580"}],"wp:attachment":[{"href":"https:\/\/mailcommsgroup.com\/pt\/wp-json\/wp\/v2\/media?parent=26730"}],"curies":[{"name":"wp","href":"https:\/\/api.w.org\/{rel}","templated":true}]}}