{"id":20537,"date":"2021-02-02T17:05:24","date_gmt":"2021-02-02T16:05:24","guid":{"rendered":"https:\/\/mailcommsgroup.com\/servicos\/customer-communications-management\/"},"modified":"2025-04-29T14:07:11","modified_gmt":"2025-04-29T12:07:11","slug":"gestao-das-comunicacoes-com-os-clientes","status":"publish","type":"page","link":"https:\/\/mailcommsgroup.com\/pt\/servicos\/gestao-das-comunicacoes-com-os-clientes\/","title":{"rendered":"Gest\u00e3o das comunica\u00e7\u00f5es com os clientes"},"content":{"rendered":"","protected":false},"excerpt":{"rendered":"","protected":false},"author":1,"featured_media":20336,"parent":20529,"menu_order":0,"comment_status":"closed","ping_status":"closed","template":"intro-modular.php","meta":{"_acf_changed":false,"footnotes":""},"class_list":["post-20537","page","type-page","status-publish","has-post-thumbnail","hentry"],"acf":[],"yoast_head":"<!-- This site is optimized with the Yoast SEO plugin v27.2 - https:\/\/yoast.com\/product\/yoast-seo-wordpress\/ -->\n<title>&quot;Melhora as tuas comunica\u00e7\u00f5es com as nossas solu\u00e7\u00f5es CCM<\/title>\n<meta name=\"description\" content=\"Personaliza as COMUNICA\u00c7\u00d5ES com os clientes da tua empresa com as nossas solu\u00e7\u00f5es CCM \u270d Garante SEGURAN\u00c7A, EFICI\u00caNCIA e SATISFA\u00c7\u00c3O\" \/>\n<meta name=\"robots\" content=\"index, follow, max-snippet:-1, max-image-preview:large, max-video-preview:-1\" \/>\n<link rel=\"canonical\" href=\"https:\/\/mailcommsgroup.com\/pt\/servicos\/gestao-das-comunicacoes-com-os-clientes\/\" \/>\n<meta property=\"og:locale\" content=\"pt_PT\" \/>\n<meta property=\"og:type\" content=\"article\" \/>\n<meta property=\"og:title\" content=\"&quot;Melhora as tuas comunica\u00e7\u00f5es com as nossas solu\u00e7\u00f5es CCM\" \/>\n<meta property=\"og:description\" content=\"Personaliza as COMUNICA\u00c7\u00d5ES com os clientes da tua empresa com as nossas solu\u00e7\u00f5es CCM \u270d Garante SEGURAN\u00c7A, EFICI\u00caNCIA e SATISFA\u00c7\u00c3O\" \/>\n<meta property=\"og:url\" content=\"https:\/\/mailcommsgroup.com\/pt\/servicos\/gestao-das-comunicacoes-com-os-clientes\/\" \/>\n<meta property=\"og:site_name\" content=\"Mailcomms Group\" \/>\n<meta property=\"article:modified_time\" content=\"2025-04-29T12:07:11+00:00\" \/>\n<meta property=\"og:image\" content=\"https:\/\/mailcommsgroup.com\/wp-content\/uploads\/2023\/06\/Servicio_ccm_cabecera.png\" \/>\n\t<meta property=\"og:image:width\" content=\"482\" \/>\n\t<meta property=\"og:image:height\" content=\"401\" \/>\n\t<meta property=\"og:image:type\" content=\"image\/png\" \/>\n<meta name=\"twitter:card\" content=\"summary_large_image\" \/>\n<meta name=\"twitter:site\" content=\"@CommsCustomer\" \/>\n<script type=\"application\/ld+json\" class=\"yoast-schema-graph\">{\"@context\":\"https:\/\/schema.org\",\"@graph\":[{\"@type\":\"WebPage\",\"@id\":\"https:\/\/mailcommsgroup.com\/pt\/servicos\/gestao-das-comunicacoes-com-os-clientes\/\",\"url\":\"https:\/\/mailcommsgroup.com\/pt\/servicos\/gestao-das-comunicacoes-com-os-clientes\/\",\"name\":\"\\\"Melhora as tuas comunica\u00e7\u00f5es com as nossas solu\u00e7\u00f5es CCM\",\"isPartOf\":{\"@id\":\"https:\/\/mailcommsgroup.com\/pt\/#website\"},\"primaryImageOfPage\":{\"@id\":\"https:\/\/mailcommsgroup.com\/pt\/servicos\/gestao-das-comunicacoes-com-os-clientes\/#primaryimage\"},\"image\":{\"@id\":\"https:\/\/mailcommsgroup.com\/pt\/servicos\/gestao-das-comunicacoes-com-os-clientes\/#primaryimage\"},\"thumbnailUrl\":\"https:\/\/mailcommsgroup.com\/wp-content\/uploads\/2023\/06\/Servicio_ccm_cabecera.png\",\"datePublished\":\"2021-02-02T16:05:24+00:00\",\"dateModified\":\"2025-04-29T12:07:11+00:00\",\"description\":\"Personaliza as COMUNICA\u00c7\u00d5ES com os clientes da tua empresa com as nossas solu\u00e7\u00f5es CCM \u270d Garante SEGURAN\u00c7A, EFICI\u00caNCIA e SATISFA\u00c7\u00c3O\",\"breadcrumb\":{\"@id\":\"https:\/\/mailcommsgroup.com\/pt\/servicos\/gestao-das-comunicacoes-com-os-clientes\/#breadcrumb\"},\"inLanguage\":\"pt-PT\",\"potentialAction\":[{\"@type\":\"ReadAction\",\"target\":[\"https:\/\/mailcommsgroup.com\/pt\/servicos\/gestao-das-comunicacoes-com-os-clientes\/\"]}]},{\"@type\":\"ImageObject\",\"inLanguage\":\"pt-PT\",\"@id\":\"https:\/\/mailcommsgroup.com\/pt\/servicos\/gestao-das-comunicacoes-com-os-clientes\/#primaryimage\",\"url\":\"https:\/\/mailcommsgroup.com\/wp-content\/uploads\/2023\/06\/Servicio_ccm_cabecera.png\",\"contentUrl\":\"https:\/\/mailcommsgroup.com\/wp-content\/uploads\/2023\/06\/Servicio_ccm_cabecera.png\",\"width\":482,\"height\":401,\"caption\":\"Soluciones CCM para empresas\"},{\"@type\":\"BreadcrumbList\",\"@id\":\"https:\/\/mailcommsgroup.com\/pt\/servicos\/gestao-das-comunicacoes-com-os-clientes\/#breadcrumb\",\"itemListElement\":[{\"@type\":\"ListItem\",\"position\":1,\"name\":\"Mailcomms Group\",\"item\":\"https:\/\/mailcommsgroup.com\/pt\/\"},{\"@type\":\"ListItem\",\"position\":2,\"name\":\"Servi\u00e7os\",\"item\":\"https:\/\/mailcommsgroup.com\/pt\/servicos\/\"},{\"@type\":\"ListItem\",\"position\":3,\"name\":\"Gest\u00e3o das comunica\u00e7\u00f5es com os clientes\"}]},{\"@type\":\"WebSite\",\"@id\":\"https:\/\/mailcommsgroup.com\/pt\/#website\",\"url\":\"https:\/\/mailcommsgroup.com\/pt\/\",\"name\":\"MailComms Group\",\"description\":\"La transformaci\u00f3n digital a trav\u00e9s de la comunicaci\u00f3n omnicanal, con plena validez legal.\",\"publisher\":{\"@id\":\"https:\/\/mailcommsgroup.com\/pt\/#organization\"},\"alternateName\":\"MailComms Group\",\"potentialAction\":[{\"@type\":\"SearchAction\",\"target\":{\"@type\":\"EntryPoint\",\"urlTemplate\":\"https:\/\/mailcommsgroup.com\/pt\/?s={search_term_string}\"},\"query-input\":{\"@type\":\"PropertyValueSpecification\",\"valueRequired\":true,\"valueName\":\"search_term_string\"}}],\"inLanguage\":\"pt-PT\"},{\"@type\":\"Organization\",\"@id\":\"https:\/\/mailcommsgroup.com\/pt\/#organization\",\"name\":\"MailComms Group - Soluciones de comunicaci\u00f3n omnicanal con validez legal.\",\"alternateName\":\"MailComms Group\",\"url\":\"https:\/\/mailcommsgroup.com\/pt\/\",\"logo\":{\"@type\":\"ImageObject\",\"inLanguage\":\"pt-PT\",\"@id\":\"https:\/\/mailcommsgroup.com\/pt\/#\/schema\/logo\/image\/\",\"url\":\"https:\/\/mailcommsgroup.com\/wp-content\/uploads\/2023\/05\/icon_mini_mailcommsgroup.png\",\"contentUrl\":\"https:\/\/mailcommsgroup.com\/wp-content\/uploads\/2023\/05\/icon_mini_mailcommsgroup.png\",\"width\":512,\"height\":512,\"caption\":\"MailComms Group - Soluciones de comunicaci\u00f3n omnicanal con validez legal.\"},\"image\":{\"@id\":\"https:\/\/mailcommsgroup.com\/pt\/#\/schema\/logo\/image\/\"},\"sameAs\":[\"https:\/\/x.com\/CommsCustomer\",\"https:\/\/www.linkedin.com\/company\/customercomms\/\",\"https:\/\/www.youtube.com\/channel\/UCtvYLee1QHy89JS2-gMgnTQ\"]}]}<\/script>\n<!-- \/ Yoast SEO plugin. -->","yoast_head_json":{"title":"\"Melhora as tuas comunica\u00e7\u00f5es com as nossas solu\u00e7\u00f5es CCM","description":"Personaliza as COMUNICA\u00c7\u00d5ES com os clientes da tua empresa com as nossas solu\u00e7\u00f5es CCM \u270d Garante SEGURAN\u00c7A, EFICI\u00caNCIA e SATISFA\u00c7\u00c3O","robots":{"index":"index","follow":"follow","max-snippet":"max-snippet:-1","max-image-preview":"max-image-preview:large","max-video-preview":"max-video-preview:-1"},"canonical":"https:\/\/mailcommsgroup.com\/pt\/servicos\/gestao-das-comunicacoes-com-os-clientes\/","og_locale":"pt_PT","og_type":"article","og_title":"\"Melhora as tuas comunica\u00e7\u00f5es com as nossas solu\u00e7\u00f5es CCM","og_description":"Personaliza as COMUNICA\u00c7\u00d5ES com os clientes da tua empresa com as nossas solu\u00e7\u00f5es CCM \u270d Garante SEGURAN\u00c7A, EFICI\u00caNCIA e SATISFA\u00c7\u00c3O","og_url":"https:\/\/mailcommsgroup.com\/pt\/servicos\/gestao-das-comunicacoes-com-os-clientes\/","og_site_name":"Mailcomms Group","article_modified_time":"2025-04-29T12:07:11+00:00","og_image":[{"width":482,"height":401,"url":"https:\/\/mailcommsgroup.com\/wp-content\/uploads\/2023\/06\/Servicio_ccm_cabecera.png","type":"image\/png"}],"twitter_card":"summary_large_image","twitter_site":"@CommsCustomer","schema":{"@context":"https:\/\/schema.org","@graph":[{"@type":"WebPage","@id":"https:\/\/mailcommsgroup.com\/pt\/servicos\/gestao-das-comunicacoes-com-os-clientes\/","url":"https:\/\/mailcommsgroup.com\/pt\/servicos\/gestao-das-comunicacoes-com-os-clientes\/","name":"\"Melhora as tuas comunica\u00e7\u00f5es com as nossas solu\u00e7\u00f5es CCM","isPartOf":{"@id":"https:\/\/mailcommsgroup.com\/pt\/#website"},"primaryImageOfPage":{"@id":"https:\/\/mailcommsgroup.com\/pt\/servicos\/gestao-das-comunicacoes-com-os-clientes\/#primaryimage"},"image":{"@id":"https:\/\/mailcommsgroup.com\/pt\/servicos\/gestao-das-comunicacoes-com-os-clientes\/#primaryimage"},"thumbnailUrl":"https:\/\/mailcommsgroup.com\/wp-content\/uploads\/2023\/06\/Servicio_ccm_cabecera.png","datePublished":"2021-02-02T16:05:24+00:00","dateModified":"2025-04-29T12:07:11+00:00","description":"Personaliza as COMUNICA\u00c7\u00d5ES com os clientes da tua empresa com as nossas solu\u00e7\u00f5es CCM \u270d Garante SEGURAN\u00c7A, EFICI\u00caNCIA e SATISFA\u00c7\u00c3O","breadcrumb":{"@id":"https:\/\/mailcommsgroup.com\/pt\/servicos\/gestao-das-comunicacoes-com-os-clientes\/#breadcrumb"},"inLanguage":"pt-PT","potentialAction":[{"@type":"ReadAction","target":["https:\/\/mailcommsgroup.com\/pt\/servicos\/gestao-das-comunicacoes-com-os-clientes\/"]}]},{"@type":"ImageObject","inLanguage":"pt-PT","@id":"https:\/\/mailcommsgroup.com\/pt\/servicos\/gestao-das-comunicacoes-com-os-clientes\/#primaryimage","url":"https:\/\/mailcommsgroup.com\/wp-content\/uploads\/2023\/06\/Servicio_ccm_cabecera.png","contentUrl":"https:\/\/mailcommsgroup.com\/wp-content\/uploads\/2023\/06\/Servicio_ccm_cabecera.png","width":482,"height":401,"caption":"Soluciones CCM para empresas"},{"@type":"BreadcrumbList","@id":"https:\/\/mailcommsgroup.com\/pt\/servicos\/gestao-das-comunicacoes-com-os-clientes\/#breadcrumb","itemListElement":[{"@type":"ListItem","position":1,"name":"Mailcomms Group","item":"https:\/\/mailcommsgroup.com\/pt\/"},{"@type":"ListItem","position":2,"name":"Servi\u00e7os","item":"https:\/\/mailcommsgroup.com\/pt\/servicos\/"},{"@type":"ListItem","position":3,"name":"Gest\u00e3o das comunica\u00e7\u00f5es com os clientes"}]},{"@type":"WebSite","@id":"https:\/\/mailcommsgroup.com\/pt\/#website","url":"https:\/\/mailcommsgroup.com\/pt\/","name":"MailComms Group","description":"La transformaci\u00f3n digital a trav\u00e9s de la comunicaci\u00f3n omnicanal, con plena validez legal.","publisher":{"@id":"https:\/\/mailcommsgroup.com\/pt\/#organization"},"alternateName":"MailComms Group","potentialAction":[{"@type":"SearchAction","target":{"@type":"EntryPoint","urlTemplate":"https:\/\/mailcommsgroup.com\/pt\/?s={search_term_string}"},"query-input":{"@type":"PropertyValueSpecification","valueRequired":true,"valueName":"search_term_string"}}],"inLanguage":"pt-PT"},{"@type":"Organization","@id":"https:\/\/mailcommsgroup.com\/pt\/#organization","name":"MailComms Group - Soluciones de comunicaci\u00f3n omnicanal con validez legal.","alternateName":"MailComms Group","url":"https:\/\/mailcommsgroup.com\/pt\/","logo":{"@type":"ImageObject","inLanguage":"pt-PT","@id":"https:\/\/mailcommsgroup.com\/pt\/#\/schema\/logo\/image\/","url":"https:\/\/mailcommsgroup.com\/wp-content\/uploads\/2023\/05\/icon_mini_mailcommsgroup.png","contentUrl":"https:\/\/mailcommsgroup.com\/wp-content\/uploads\/2023\/05\/icon_mini_mailcommsgroup.png","width":512,"height":512,"caption":"MailComms Group - Soluciones de comunicaci\u00f3n omnicanal con validez legal."},"image":{"@id":"https:\/\/mailcommsgroup.com\/pt\/#\/schema\/logo\/image\/"},"sameAs":["https:\/\/x.com\/CommsCustomer","https:\/\/www.linkedin.com\/company\/customercomms\/","https:\/\/www.youtube.com\/channel\/UCtvYLee1QHy89JS2-gMgnTQ"]}]}},"_links":{"self":[{"href":"https:\/\/mailcommsgroup.com\/pt\/wp-json\/wp\/v2\/pages\/20537","targetHints":{"allow":["GET"]}}],"collection":[{"href":"https:\/\/mailcommsgroup.com\/pt\/wp-json\/wp\/v2\/pages"}],"about":[{"href":"https:\/\/mailcommsgroup.com\/pt\/wp-json\/wp\/v2\/types\/page"}],"author":[{"embeddable":true,"href":"https:\/\/mailcommsgroup.com\/pt\/wp-json\/wp\/v2\/users\/1"}],"replies":[{"embeddable":true,"href":"https:\/\/mailcommsgroup.com\/pt\/wp-json\/wp\/v2\/comments?post=20537"}],"version-history":[{"count":5,"href":"https:\/\/mailcommsgroup.com\/pt\/wp-json\/wp\/v2\/pages\/20537\/revisions"}],"predecessor-version":[{"id":30127,"href":"https:\/\/mailcommsgroup.com\/pt\/wp-json\/wp\/v2\/pages\/20537\/revisions\/30127"}],"up":[{"embeddable":true,"href":"https:\/\/mailcommsgroup.com\/pt\/wp-json\/wp\/v2\/pages\/20529"}],"wp:featuredmedia":[{"embeddable":true,"href":"https:\/\/mailcommsgroup.com\/pt\/wp-json\/wp\/v2\/media\/20336"}],"wp:attachment":[{"href":"https:\/\/mailcommsgroup.com\/pt\/wp-json\/wp\/v2\/media?parent=20537"}],"curies":[{"name":"wp","href":"https:\/\/api.w.org\/{rel}","templated":true}]}}