{"id":20525,"date":"2021-01-26T17:45:31","date_gmt":"2021-01-26T16:45:31","guid":{"rendered":"https:\/\/mailcommsgroup.com\/plataformas-regtech\/onespan\/"},"modified":"2025-11-28T11:20:21","modified_gmt":"2025-11-28T10:20:21","slug":"onespan","status":"publish","type":"page","link":"https:\/\/mailcommsgroup.com\/pt\/plataformas-tecnologicas\/onespan\/","title":{"rendered":"Onespan"},"content":{"rendered":"","protected":false},"excerpt":{"rendered":"","protected":false},"author":1,"featured_media":18930,"parent":26782,"menu_order":0,"comment_status":"closed","ping_status":"closed","template":"intro-modular.php","meta":{"_acf_changed":false,"footnotes":""},"class_list":["post-20525","page","type-page","status-publish","has-post-thumbnail","hentry"],"acf":[],"yoast_head":"<!-- This site is optimized with the Yoast SEO plugin v27.2 - https:\/\/yoast.com\/product\/yoast-seo-wordpress\/ -->\n<title>Plataforma de assinatura eletr\u00f3nica com validade legal total Onespan<\/title>\n<meta name=\"description\" content=\"A nossa plataforma de assinatura eletr\u00f3nica Onespan com validade legal total \u00e9 fundamental para a transforma\u00e7\u00e3o digital das empresas actuais.\" \/>\n<meta name=\"robots\" content=\"index, follow, max-snippet:-1, max-image-preview:large, max-video-preview:-1\" \/>\n<link rel=\"canonical\" href=\"https:\/\/mailcommsgroup.com\/pt\/plataformas-tecnologicas\/onespan\/\" \/>\n<meta property=\"og:locale\" content=\"pt_PT\" \/>\n<meta property=\"og:type\" content=\"article\" \/>\n<meta property=\"og:title\" content=\"Plataforma de assinatura eletr\u00f3nica com validade legal total Onespan\" \/>\n<meta property=\"og:description\" content=\"A nossa plataforma de assinatura eletr\u00f3nica Onespan com validade legal total \u00e9 fundamental para a transforma\u00e7\u00e3o digital das empresas actuais.\" \/>\n<meta property=\"og:url\" content=\"https:\/\/mailcommsgroup.com\/pt\/plataformas-tecnologicas\/onespan\/\" \/>\n<meta property=\"og:site_name\" content=\"Mailcomms Group\" \/>\n<meta property=\"article:modified_time\" content=\"2025-11-28T10:20:21+00:00\" \/>\n<meta property=\"og:image\" content=\"https:\/\/mailcommsgroup.com\/wp-content\/uploads\/2021\/01\/Plataforma-OneSpan.jpg\" \/>\n\t<meta property=\"og:image:width\" content=\"1920\" \/>\n\t<meta property=\"og:image:height\" content=\"379\" \/>\n\t<meta property=\"og:image:type\" content=\"image\/jpeg\" \/>\n<meta name=\"twitter:card\" content=\"summary_large_image\" \/>\n<meta name=\"twitter:site\" content=\"@CommsCustomer\" \/>\n<script type=\"application\/ld+json\" class=\"yoast-schema-graph\">{\"@context\":\"https:\/\/schema.org\",\"@graph\":[{\"@type\":\"WebPage\",\"@id\":\"https:\/\/mailcommsgroup.com\/pt\/plataformas-tecnologicas\/onespan\/\",\"url\":\"https:\/\/mailcommsgroup.com\/pt\/plataformas-tecnologicas\/onespan\/\",\"name\":\"Plataforma de assinatura eletr\u00f3nica com validade legal total Onespan\",\"isPartOf\":{\"@id\":\"https:\/\/mailcommsgroup.com\/pt\/#website\"},\"primaryImageOfPage\":{\"@id\":\"https:\/\/mailcommsgroup.com\/pt\/plataformas-tecnologicas\/onespan\/#primaryimage\"},\"image\":{\"@id\":\"https:\/\/mailcommsgroup.com\/pt\/plataformas-tecnologicas\/onespan\/#primaryimage\"},\"thumbnailUrl\":\"https:\/\/mailcommsgroup.com\/wp-content\/uploads\/2021\/01\/Plataforma-OneSpan.jpg\",\"datePublished\":\"2021-01-26T16:45:31+00:00\",\"dateModified\":\"2025-11-28T10:20:21+00:00\",\"description\":\"A nossa plataforma de assinatura eletr\u00f3nica Onespan com validade legal total \u00e9 fundamental para a transforma\u00e7\u00e3o digital das empresas actuais.\",\"breadcrumb\":{\"@id\":\"https:\/\/mailcommsgroup.com\/pt\/plataformas-tecnologicas\/onespan\/#breadcrumb\"},\"inLanguage\":\"pt-PT\",\"potentialAction\":[{\"@type\":\"ReadAction\",\"target\":[\"https:\/\/mailcommsgroup.com\/pt\/plataformas-tecnologicas\/onespan\/\"]}]},{\"@type\":\"ImageObject\",\"inLanguage\":\"pt-PT\",\"@id\":\"https:\/\/mailcommsgroup.com\/pt\/plataformas-tecnologicas\/onespan\/#primaryimage\",\"url\":\"https:\/\/mailcommsgroup.com\/wp-content\/uploads\/2021\/01\/Plataforma-OneSpan.jpg\",\"contentUrl\":\"https:\/\/mailcommsgroup.com\/wp-content\/uploads\/2021\/01\/Plataforma-OneSpan.jpg\",\"width\":1920,\"height\":379,\"caption\":\"Fondo OneSpan\"},{\"@type\":\"BreadcrumbList\",\"@id\":\"https:\/\/mailcommsgroup.com\/pt\/plataformas-tecnologicas\/onespan\/#breadcrumb\",\"itemListElement\":[{\"@type\":\"ListItem\",\"position\":1,\"name\":\"Mailcomms Group\",\"item\":\"https:\/\/mailcommsgroup.com\/pt\/\"},{\"@type\":\"ListItem\",\"position\":2,\"name\":\"Plataformas tecnol\u00f3gicas\",\"item\":\"https:\/\/mailcommsgroup.com\/pt\/plataformas-tecnologicas\/\"},{\"@type\":\"ListItem\",\"position\":3,\"name\":\"Onespan\"}]},{\"@type\":\"WebSite\",\"@id\":\"https:\/\/mailcommsgroup.com\/pt\/#website\",\"url\":\"https:\/\/mailcommsgroup.com\/pt\/\",\"name\":\"MailComms Group\",\"description\":\"La transformaci\u00f3n digital a trav\u00e9s de la comunicaci\u00f3n omnicanal, con plena validez legal.\",\"publisher\":{\"@id\":\"https:\/\/mailcommsgroup.com\/pt\/#organization\"},\"alternateName\":\"MailComms Group\",\"potentialAction\":[{\"@type\":\"SearchAction\",\"target\":{\"@type\":\"EntryPoint\",\"urlTemplate\":\"https:\/\/mailcommsgroup.com\/pt\/?s={search_term_string}\"},\"query-input\":{\"@type\":\"PropertyValueSpecification\",\"valueRequired\":true,\"valueName\":\"search_term_string\"}}],\"inLanguage\":\"pt-PT\"},{\"@type\":\"Organization\",\"@id\":\"https:\/\/mailcommsgroup.com\/pt\/#organization\",\"name\":\"MailComms Group - Soluciones de comunicaci\u00f3n omnicanal con validez legal.\",\"alternateName\":\"MailComms Group\",\"url\":\"https:\/\/mailcommsgroup.com\/pt\/\",\"logo\":{\"@type\":\"ImageObject\",\"inLanguage\":\"pt-PT\",\"@id\":\"https:\/\/mailcommsgroup.com\/pt\/#\/schema\/logo\/image\/\",\"url\":\"https:\/\/mailcommsgroup.com\/wp-content\/uploads\/2023\/05\/icon_mini_mailcommsgroup.png\",\"contentUrl\":\"https:\/\/mailcommsgroup.com\/wp-content\/uploads\/2023\/05\/icon_mini_mailcommsgroup.png\",\"width\":512,\"height\":512,\"caption\":\"MailComms Group - Soluciones de comunicaci\u00f3n omnicanal con validez legal.\"},\"image\":{\"@id\":\"https:\/\/mailcommsgroup.com\/pt\/#\/schema\/logo\/image\/\"},\"sameAs\":[\"https:\/\/x.com\/CommsCustomer\",\"https:\/\/www.linkedin.com\/company\/customercomms\/\",\"https:\/\/www.youtube.com\/channel\/UCtvYLee1QHy89JS2-gMgnTQ\"]}]}<\/script>\n<!-- \/ Yoast SEO plugin. -->","yoast_head_json":{"title":"Plataforma de assinatura eletr\u00f3nica com validade legal total Onespan","description":"A nossa plataforma de assinatura eletr\u00f3nica Onespan com validade legal total \u00e9 fundamental para a transforma\u00e7\u00e3o digital das empresas actuais.","robots":{"index":"index","follow":"follow","max-snippet":"max-snippet:-1","max-image-preview":"max-image-preview:large","max-video-preview":"max-video-preview:-1"},"canonical":"https:\/\/mailcommsgroup.com\/pt\/plataformas-tecnologicas\/onespan\/","og_locale":"pt_PT","og_type":"article","og_title":"Plataforma de assinatura eletr\u00f3nica com validade legal total Onespan","og_description":"A nossa plataforma de assinatura eletr\u00f3nica Onespan com validade legal total \u00e9 fundamental para a transforma\u00e7\u00e3o digital das empresas actuais.","og_url":"https:\/\/mailcommsgroup.com\/pt\/plataformas-tecnologicas\/onespan\/","og_site_name":"Mailcomms Group","article_modified_time":"2025-11-28T10:20:21+00:00","og_image":[{"width":1920,"height":379,"url":"https:\/\/mailcommsgroup.com\/wp-content\/uploads\/2021\/01\/Plataforma-OneSpan.jpg","type":"image\/jpeg"}],"twitter_card":"summary_large_image","twitter_site":"@CommsCustomer","schema":{"@context":"https:\/\/schema.org","@graph":[{"@type":"WebPage","@id":"https:\/\/mailcommsgroup.com\/pt\/plataformas-tecnologicas\/onespan\/","url":"https:\/\/mailcommsgroup.com\/pt\/plataformas-tecnologicas\/onespan\/","name":"Plataforma de assinatura eletr\u00f3nica com validade legal total Onespan","isPartOf":{"@id":"https:\/\/mailcommsgroup.com\/pt\/#website"},"primaryImageOfPage":{"@id":"https:\/\/mailcommsgroup.com\/pt\/plataformas-tecnologicas\/onespan\/#primaryimage"},"image":{"@id":"https:\/\/mailcommsgroup.com\/pt\/plataformas-tecnologicas\/onespan\/#primaryimage"},"thumbnailUrl":"https:\/\/mailcommsgroup.com\/wp-content\/uploads\/2021\/01\/Plataforma-OneSpan.jpg","datePublished":"2021-01-26T16:45:31+00:00","dateModified":"2025-11-28T10:20:21+00:00","description":"A nossa plataforma de assinatura eletr\u00f3nica Onespan com validade legal total \u00e9 fundamental para a transforma\u00e7\u00e3o digital das empresas actuais.","breadcrumb":{"@id":"https:\/\/mailcommsgroup.com\/pt\/plataformas-tecnologicas\/onespan\/#breadcrumb"},"inLanguage":"pt-PT","potentialAction":[{"@type":"ReadAction","target":["https:\/\/mailcommsgroup.com\/pt\/plataformas-tecnologicas\/onespan\/"]}]},{"@type":"ImageObject","inLanguage":"pt-PT","@id":"https:\/\/mailcommsgroup.com\/pt\/plataformas-tecnologicas\/onespan\/#primaryimage","url":"https:\/\/mailcommsgroup.com\/wp-content\/uploads\/2021\/01\/Plataforma-OneSpan.jpg","contentUrl":"https:\/\/mailcommsgroup.com\/wp-content\/uploads\/2021\/01\/Plataforma-OneSpan.jpg","width":1920,"height":379,"caption":"Fondo OneSpan"},{"@type":"BreadcrumbList","@id":"https:\/\/mailcommsgroup.com\/pt\/plataformas-tecnologicas\/onespan\/#breadcrumb","itemListElement":[{"@type":"ListItem","position":1,"name":"Mailcomms Group","item":"https:\/\/mailcommsgroup.com\/pt\/"},{"@type":"ListItem","position":2,"name":"Plataformas tecnol\u00f3gicas","item":"https:\/\/mailcommsgroup.com\/pt\/plataformas-tecnologicas\/"},{"@type":"ListItem","position":3,"name":"Onespan"}]},{"@type":"WebSite","@id":"https:\/\/mailcommsgroup.com\/pt\/#website","url":"https:\/\/mailcommsgroup.com\/pt\/","name":"MailComms Group","description":"La transformaci\u00f3n digital a trav\u00e9s de la comunicaci\u00f3n omnicanal, con plena validez legal.","publisher":{"@id":"https:\/\/mailcommsgroup.com\/pt\/#organization"},"alternateName":"MailComms Group","potentialAction":[{"@type":"SearchAction","target":{"@type":"EntryPoint","urlTemplate":"https:\/\/mailcommsgroup.com\/pt\/?s={search_term_string}"},"query-input":{"@type":"PropertyValueSpecification","valueRequired":true,"valueName":"search_term_string"}}],"inLanguage":"pt-PT"},{"@type":"Organization","@id":"https:\/\/mailcommsgroup.com\/pt\/#organization","name":"MailComms Group - Soluciones de comunicaci\u00f3n omnicanal con validez legal.","alternateName":"MailComms Group","url":"https:\/\/mailcommsgroup.com\/pt\/","logo":{"@type":"ImageObject","inLanguage":"pt-PT","@id":"https:\/\/mailcommsgroup.com\/pt\/#\/schema\/logo\/image\/","url":"https:\/\/mailcommsgroup.com\/wp-content\/uploads\/2023\/05\/icon_mini_mailcommsgroup.png","contentUrl":"https:\/\/mailcommsgroup.com\/wp-content\/uploads\/2023\/05\/icon_mini_mailcommsgroup.png","width":512,"height":512,"caption":"MailComms Group - Soluciones de comunicaci\u00f3n omnicanal con validez legal."},"image":{"@id":"https:\/\/mailcommsgroup.com\/pt\/#\/schema\/logo\/image\/"},"sameAs":["https:\/\/x.com\/CommsCustomer","https:\/\/www.linkedin.com\/company\/customercomms\/","https:\/\/www.youtube.com\/channel\/UCtvYLee1QHy89JS2-gMgnTQ"]}]}},"_links":{"self":[{"href":"https:\/\/mailcommsgroup.com\/pt\/wp-json\/wp\/v2\/pages\/20525","targetHints":{"allow":["GET"]}}],"collection":[{"href":"https:\/\/mailcommsgroup.com\/pt\/wp-json\/wp\/v2\/pages"}],"about":[{"href":"https:\/\/mailcommsgroup.com\/pt\/wp-json\/wp\/v2\/types\/page"}],"author":[{"embeddable":true,"href":"https:\/\/mailcommsgroup.com\/pt\/wp-json\/wp\/v2\/users\/1"}],"replies":[{"embeddable":true,"href":"https:\/\/mailcommsgroup.com\/pt\/wp-json\/wp\/v2\/comments?post=20525"}],"version-history":[{"count":1,"href":"https:\/\/mailcommsgroup.com\/pt\/wp-json\/wp\/v2\/pages\/20525\/revisions"}],"predecessor-version":[{"id":20691,"href":"https:\/\/mailcommsgroup.com\/pt\/wp-json\/wp\/v2\/pages\/20525\/revisions\/20691"}],"up":[{"embeddable":true,"href":"https:\/\/mailcommsgroup.com\/pt\/wp-json\/wp\/v2\/pages\/26782"}],"wp:featuredmedia":[{"embeddable":true,"href":"https:\/\/mailcommsgroup.com\/pt\/wp-json\/wp\/v2\/media\/18930"}],"wp:attachment":[{"href":"https:\/\/mailcommsgroup.com\/pt\/wp-json\/wp\/v2\/media?parent=20525"}],"curies":[{"name":"wp","href":"https:\/\/api.w.org\/{rel}","templated":true}]}}