{"id":20522,"date":"2023-06-20T13:26:38","date_gmt":"2023-06-20T11:26:38","guid":{"rendered":"https:\/\/mailcommsgroup.com\/rgpd-consent-management\/"},"modified":"2025-01-20T13:27:53","modified_gmt":"2025-01-20T12:27:53","slug":"rgpd-consent-management","status":"publish","type":"page","link":"https:\/\/mailcommsgroup.com\/pt\/solucoes-de-conformidade-regulamentar\/rgpd-consent-management\/","title":{"rendered":"RGPD &#8211; Gest\u00e3o de consentimentos"},"content":{"rendered":"","protected":false},"excerpt":{"rendered":"","protected":false},"author":1,"featured_media":20298,"parent":20532,"menu_order":0,"comment_status":"closed","ping_status":"closed","template":"intro-modular.php","meta":{"_acf_changed":false,"footnotes":""},"class_list":["post-20522","page","type-page","status-publish","has-post-thumbnail","hentry"],"acf":[],"yoast_head":"<!-- This site is optimized with the Yoast SEO plugin v27.2 - https:\/\/yoast.com\/product\/yoast-seo-wordpress\/ -->\n<title>\u00bb Software RGPD para gest\u00e3o do consentimento multicanal<\/title>\n<meta name=\"description\" content=\"O RGPD exige que a sua empresa forne\u00e7a provas do consentimento expl\u00edcito e inequ\u00edvoco para o tratamento dos dados dos clientes.\" \/>\n<meta name=\"robots\" content=\"index, follow, max-snippet:-1, max-image-preview:large, max-video-preview:-1\" \/>\n<link rel=\"canonical\" href=\"https:\/\/mailcommsgroup.com\/pt\/solucoes-de-conformidade-regulamentar\/rgpd-consent-management\/\" \/>\n<meta property=\"og:locale\" content=\"pt_PT\" \/>\n<meta property=\"og:type\" content=\"article\" \/>\n<meta property=\"og:title\" content=\"\u00bb Software RGPD para gest\u00e3o do consentimento multicanal\" \/>\n<meta property=\"og:description\" content=\"O RGPD exige que a sua empresa forne\u00e7a provas do consentimento expl\u00edcito e inequ\u00edvoco para o tratamento dos dados dos clientes.\" \/>\n<meta property=\"og:url\" content=\"https:\/\/mailcommsgroup.com\/pt\/solucoes-de-conformidade-regulamentar\/rgpd-consent-management\/\" \/>\n<meta property=\"og:site_name\" content=\"Mailcomms Group\" \/>\n<meta property=\"article:modified_time\" content=\"2025-01-20T12:27:53+00:00\" \/>\n<meta property=\"og:image\" content=\"https:\/\/mailcommsgroup.com\/wp-content\/uploads\/2023\/06\/Imagen_cabecera_RGPD.png\" \/>\n\t<meta property=\"og:image:width\" content=\"482\" \/>\n\t<meta property=\"og:image:height\" content=\"401\" \/>\n\t<meta property=\"og:image:type\" content=\"image\/png\" \/>\n<meta name=\"twitter:card\" content=\"summary_large_image\" \/>\n<meta name=\"twitter:site\" content=\"@CommsCustomer\" \/>\n<script type=\"application\/ld+json\" class=\"yoast-schema-graph\">{\"@context\":\"https:\/\/schema.org\",\"@graph\":[{\"@type\":\"WebPage\",\"@id\":\"https:\/\/mailcommsgroup.com\/pt\/solucoes-de-conformidade-regulamentar\/rgpd-consent-management\/\",\"url\":\"https:\/\/mailcommsgroup.com\/pt\/solucoes-de-conformidade-regulamentar\/rgpd-consent-management\/\",\"name\":\"\u00bb Software RGPD para gest\u00e3o do consentimento multicanal\",\"isPartOf\":{\"@id\":\"https:\/\/mailcommsgroup.com\/pt\/#website\"},\"primaryImageOfPage\":{\"@id\":\"https:\/\/mailcommsgroup.com\/pt\/solucoes-de-conformidade-regulamentar\/rgpd-consent-management\/#primaryimage\"},\"image\":{\"@id\":\"https:\/\/mailcommsgroup.com\/pt\/solucoes-de-conformidade-regulamentar\/rgpd-consent-management\/#primaryimage\"},\"thumbnailUrl\":\"https:\/\/mailcommsgroup.com\/wp-content\/uploads\/2023\/06\/Imagen_cabecera_RGPD.png\",\"datePublished\":\"2023-06-20T11:26:38+00:00\",\"dateModified\":\"2025-01-20T12:27:53+00:00\",\"description\":\"O RGPD exige que a sua empresa forne\u00e7a provas do consentimento expl\u00edcito e inequ\u00edvoco para o tratamento dos dados dos clientes.\",\"breadcrumb\":{\"@id\":\"https:\/\/mailcommsgroup.com\/pt\/solucoes-de-conformidade-regulamentar\/rgpd-consent-management\/#breadcrumb\"},\"inLanguage\":\"pt-PT\",\"potentialAction\":[{\"@type\":\"ReadAction\",\"target\":[\"https:\/\/mailcommsgroup.com\/pt\/solucoes-de-conformidade-regulamentar\/rgpd-consent-management\/\"]}]},{\"@type\":\"ImageObject\",\"inLanguage\":\"pt-PT\",\"@id\":\"https:\/\/mailcommsgroup.com\/pt\/solucoes-de-conformidade-regulamentar\/rgpd-consent-management\/#primaryimage\",\"url\":\"https:\/\/mailcommsgroup.com\/wp-content\/uploads\/2023\/06\/Imagen_cabecera_RGPD.png\",\"contentUrl\":\"https:\/\/mailcommsgroup.com\/wp-content\/uploads\/2023\/06\/Imagen_cabecera_RGPD.png\",\"width\":482,\"height\":401,\"caption\":\"RGPD - Gesti\u00f3n de consentimientos\"},{\"@type\":\"BreadcrumbList\",\"@id\":\"https:\/\/mailcommsgroup.com\/pt\/solucoes-de-conformidade-regulamentar\/rgpd-consent-management\/#breadcrumb\",\"itemListElement\":[{\"@type\":\"ListItem\",\"position\":1,\"name\":\"Mailcomms Group\",\"item\":\"https:\/\/mailcommsgroup.com\/pt\/\"},{\"@type\":\"ListItem\",\"position\":2,\"name\":\"Solu\u00e7\u00f5es de conformidade\",\"item\":\"https:\/\/mailcommsgroup.com\/pt\/solucoes-de-conformidade-regulamentar\/\"},{\"@type\":\"ListItem\",\"position\":3,\"name\":\"RGPD &#8211; Gest\u00e3o de consentimentos\"}]},{\"@type\":\"WebSite\",\"@id\":\"https:\/\/mailcommsgroup.com\/pt\/#website\",\"url\":\"https:\/\/mailcommsgroup.com\/pt\/\",\"name\":\"MailComms Group\",\"description\":\"La transformaci\u00f3n digital a trav\u00e9s de la comunicaci\u00f3n omnicanal, con plena validez legal.\",\"publisher\":{\"@id\":\"https:\/\/mailcommsgroup.com\/pt\/#organization\"},\"alternateName\":\"MailComms Group\",\"potentialAction\":[{\"@type\":\"SearchAction\",\"target\":{\"@type\":\"EntryPoint\",\"urlTemplate\":\"https:\/\/mailcommsgroup.com\/pt\/?s={search_term_string}\"},\"query-input\":{\"@type\":\"PropertyValueSpecification\",\"valueRequired\":true,\"valueName\":\"search_term_string\"}}],\"inLanguage\":\"pt-PT\"},{\"@type\":\"Organization\",\"@id\":\"https:\/\/mailcommsgroup.com\/pt\/#organization\",\"name\":\"MailComms Group - Soluciones de comunicaci\u00f3n omnicanal con validez legal.\",\"alternateName\":\"MailComms Group\",\"url\":\"https:\/\/mailcommsgroup.com\/pt\/\",\"logo\":{\"@type\":\"ImageObject\",\"inLanguage\":\"pt-PT\",\"@id\":\"https:\/\/mailcommsgroup.com\/pt\/#\/schema\/logo\/image\/\",\"url\":\"https:\/\/mailcommsgroup.com\/wp-content\/uploads\/2023\/05\/icon_mini_mailcommsgroup.png\",\"contentUrl\":\"https:\/\/mailcommsgroup.com\/wp-content\/uploads\/2023\/05\/icon_mini_mailcommsgroup.png\",\"width\":512,\"height\":512,\"caption\":\"MailComms Group - Soluciones de comunicaci\u00f3n omnicanal con validez legal.\"},\"image\":{\"@id\":\"https:\/\/mailcommsgroup.com\/pt\/#\/schema\/logo\/image\/\"},\"sameAs\":[\"https:\/\/x.com\/CommsCustomer\",\"https:\/\/www.linkedin.com\/company\/customercomms\/\",\"https:\/\/www.youtube.com\/channel\/UCtvYLee1QHy89JS2-gMgnTQ\"]}]}<\/script>\n<!-- \/ Yoast SEO plugin. -->","yoast_head_json":{"title":"\u00bb Software RGPD para gest\u00e3o do consentimento multicanal","description":"O RGPD exige que a sua empresa forne\u00e7a provas do consentimento expl\u00edcito e inequ\u00edvoco para o tratamento dos dados dos clientes.","robots":{"index":"index","follow":"follow","max-snippet":"max-snippet:-1","max-image-preview":"max-image-preview:large","max-video-preview":"max-video-preview:-1"},"canonical":"https:\/\/mailcommsgroup.com\/pt\/solucoes-de-conformidade-regulamentar\/rgpd-consent-management\/","og_locale":"pt_PT","og_type":"article","og_title":"\u00bb Software RGPD para gest\u00e3o do consentimento multicanal","og_description":"O RGPD exige que a sua empresa forne\u00e7a provas do consentimento expl\u00edcito e inequ\u00edvoco para o tratamento dos dados dos clientes.","og_url":"https:\/\/mailcommsgroup.com\/pt\/solucoes-de-conformidade-regulamentar\/rgpd-consent-management\/","og_site_name":"Mailcomms Group","article_modified_time":"2025-01-20T12:27:53+00:00","og_image":[{"width":482,"height":401,"url":"https:\/\/mailcommsgroup.com\/wp-content\/uploads\/2023\/06\/Imagen_cabecera_RGPD.png","type":"image\/png"}],"twitter_card":"summary_large_image","twitter_site":"@CommsCustomer","schema":{"@context":"https:\/\/schema.org","@graph":[{"@type":"WebPage","@id":"https:\/\/mailcommsgroup.com\/pt\/solucoes-de-conformidade-regulamentar\/rgpd-consent-management\/","url":"https:\/\/mailcommsgroup.com\/pt\/solucoes-de-conformidade-regulamentar\/rgpd-consent-management\/","name":"\u00bb Software RGPD para gest\u00e3o do consentimento multicanal","isPartOf":{"@id":"https:\/\/mailcommsgroup.com\/pt\/#website"},"primaryImageOfPage":{"@id":"https:\/\/mailcommsgroup.com\/pt\/solucoes-de-conformidade-regulamentar\/rgpd-consent-management\/#primaryimage"},"image":{"@id":"https:\/\/mailcommsgroup.com\/pt\/solucoes-de-conformidade-regulamentar\/rgpd-consent-management\/#primaryimage"},"thumbnailUrl":"https:\/\/mailcommsgroup.com\/wp-content\/uploads\/2023\/06\/Imagen_cabecera_RGPD.png","datePublished":"2023-06-20T11:26:38+00:00","dateModified":"2025-01-20T12:27:53+00:00","description":"O RGPD exige que a sua empresa forne\u00e7a provas do consentimento expl\u00edcito e inequ\u00edvoco para o tratamento dos dados dos clientes.","breadcrumb":{"@id":"https:\/\/mailcommsgroup.com\/pt\/solucoes-de-conformidade-regulamentar\/rgpd-consent-management\/#breadcrumb"},"inLanguage":"pt-PT","potentialAction":[{"@type":"ReadAction","target":["https:\/\/mailcommsgroup.com\/pt\/solucoes-de-conformidade-regulamentar\/rgpd-consent-management\/"]}]},{"@type":"ImageObject","inLanguage":"pt-PT","@id":"https:\/\/mailcommsgroup.com\/pt\/solucoes-de-conformidade-regulamentar\/rgpd-consent-management\/#primaryimage","url":"https:\/\/mailcommsgroup.com\/wp-content\/uploads\/2023\/06\/Imagen_cabecera_RGPD.png","contentUrl":"https:\/\/mailcommsgroup.com\/wp-content\/uploads\/2023\/06\/Imagen_cabecera_RGPD.png","width":482,"height":401,"caption":"RGPD - Gesti\u00f3n de consentimientos"},{"@type":"BreadcrumbList","@id":"https:\/\/mailcommsgroup.com\/pt\/solucoes-de-conformidade-regulamentar\/rgpd-consent-management\/#breadcrumb","itemListElement":[{"@type":"ListItem","position":1,"name":"Mailcomms Group","item":"https:\/\/mailcommsgroup.com\/pt\/"},{"@type":"ListItem","position":2,"name":"Solu\u00e7\u00f5es de conformidade","item":"https:\/\/mailcommsgroup.com\/pt\/solucoes-de-conformidade-regulamentar\/"},{"@type":"ListItem","position":3,"name":"RGPD &#8211; Gest\u00e3o de consentimentos"}]},{"@type":"WebSite","@id":"https:\/\/mailcommsgroup.com\/pt\/#website","url":"https:\/\/mailcommsgroup.com\/pt\/","name":"MailComms Group","description":"La transformaci\u00f3n digital a trav\u00e9s de la comunicaci\u00f3n omnicanal, con plena validez legal.","publisher":{"@id":"https:\/\/mailcommsgroup.com\/pt\/#organization"},"alternateName":"MailComms Group","potentialAction":[{"@type":"SearchAction","target":{"@type":"EntryPoint","urlTemplate":"https:\/\/mailcommsgroup.com\/pt\/?s={search_term_string}"},"query-input":{"@type":"PropertyValueSpecification","valueRequired":true,"valueName":"search_term_string"}}],"inLanguage":"pt-PT"},{"@type":"Organization","@id":"https:\/\/mailcommsgroup.com\/pt\/#organization","name":"MailComms Group - Soluciones de comunicaci\u00f3n omnicanal con validez legal.","alternateName":"MailComms Group","url":"https:\/\/mailcommsgroup.com\/pt\/","logo":{"@type":"ImageObject","inLanguage":"pt-PT","@id":"https:\/\/mailcommsgroup.com\/pt\/#\/schema\/logo\/image\/","url":"https:\/\/mailcommsgroup.com\/wp-content\/uploads\/2023\/05\/icon_mini_mailcommsgroup.png","contentUrl":"https:\/\/mailcommsgroup.com\/wp-content\/uploads\/2023\/05\/icon_mini_mailcommsgroup.png","width":512,"height":512,"caption":"MailComms Group - Soluciones de comunicaci\u00f3n omnicanal con validez legal."},"image":{"@id":"https:\/\/mailcommsgroup.com\/pt\/#\/schema\/logo\/image\/"},"sameAs":["https:\/\/x.com\/CommsCustomer","https:\/\/www.linkedin.com\/company\/customercomms\/","https:\/\/www.youtube.com\/channel\/UCtvYLee1QHy89JS2-gMgnTQ"]}]}},"_links":{"self":[{"href":"https:\/\/mailcommsgroup.com\/pt\/wp-json\/wp\/v2\/pages\/20522","targetHints":{"allow":["GET"]}}],"collection":[{"href":"https:\/\/mailcommsgroup.com\/pt\/wp-json\/wp\/v2\/pages"}],"about":[{"href":"https:\/\/mailcommsgroup.com\/pt\/wp-json\/wp\/v2\/types\/page"}],"author":[{"embeddable":true,"href":"https:\/\/mailcommsgroup.com\/pt\/wp-json\/wp\/v2\/users\/1"}],"replies":[{"embeddable":true,"href":"https:\/\/mailcommsgroup.com\/pt\/wp-json\/wp\/v2\/comments?post=20522"}],"version-history":[{"count":4,"href":"https:\/\/mailcommsgroup.com\/pt\/wp-json\/wp\/v2\/pages\/20522\/revisions"}],"predecessor-version":[{"id":31254,"href":"https:\/\/mailcommsgroup.com\/pt\/wp-json\/wp\/v2\/pages\/20522\/revisions\/31254"}],"up":[{"embeddable":true,"href":"https:\/\/mailcommsgroup.com\/pt\/wp-json\/wp\/v2\/pages\/20532"}],"wp:featuredmedia":[{"embeddable":true,"href":"https:\/\/mailcommsgroup.com\/pt\/wp-json\/wp\/v2\/media\/20298"}],"wp:attachment":[{"href":"https:\/\/mailcommsgroup.com\/pt\/wp-json\/wp\/v2\/media?parent=20522"}],"curies":[{"name":"wp","href":"https:\/\/api.w.org\/{rel}","templated":true}]}}