{"id":20488,"date":"2023-04-24T14:23:06","date_gmt":"2023-04-24T12:23:06","guid":{"rendered":"https:\/\/mailcommsgroup.com\/notificacoes-certificadas\/certificado-sms\/"},"modified":"2024-07-23T14:03:57","modified_gmt":"2024-07-23T12:03:57","slug":"certificado-sms","status":"publish","type":"page","link":"https:\/\/mailcommsgroup.com\/pt\/notificacoes-certificadas\/certificado-sms\/","title":{"rendered":"SMS certificado"},"content":{"rendered":"","protected":false},"excerpt":{"rendered":"","protected":false},"author":1,"featured_media":18979,"parent":20474,"menu_order":0,"comment_status":"closed","ping_status":"closed","template":"intro-modular.php","meta":{"_acf_changed":false,"footnotes":""},"class_list":["post-20488","page","type-page","status-publish","has-post-thumbnail","hentry"],"acf":[],"yoast_head":"<!-- This site is optimized with the Yoast SEO plugin v27.2 - https:\/\/yoast.com\/product\/yoast-seo-wordpress\/ -->\n<title>&quot;Envia SMS certificados \u3010com valor legal\u3011com MailComms<\/title>\n<meta name=\"description\" content=\"Chega aos teus clientes, fornecedores ou colaboradores com mensagens SMS certificadas. Uma solu\u00e7\u00e3o r\u00e1pida, eficaz e econ\u00f3mica \u261d Experimenta j\u00e1!\" \/>\n<meta name=\"robots\" content=\"index, follow, max-snippet:-1, max-image-preview:large, max-video-preview:-1\" \/>\n<link rel=\"canonical\" href=\"https:\/\/mailcommsgroup.com\/pt\/notificacoes-certificadas\/certificado-sms\/\" \/>\n<meta property=\"og:locale\" content=\"pt_PT\" \/>\n<meta property=\"og:type\" content=\"article\" \/>\n<meta property=\"og:title\" content=\"&quot;Envia SMS certificados \u3010com valor legal\u3011com MailComms\" \/>\n<meta property=\"og:description\" content=\"Chega aos teus clientes, fornecedores ou colaboradores com mensagens SMS certificadas. Uma solu\u00e7\u00e3o r\u00e1pida, eficaz e econ\u00f3mica \u261d Experimenta j\u00e1!\" \/>\n<meta property=\"og:url\" content=\"https:\/\/mailcommsgroup.com\/pt\/notificacoes-certificadas\/certificado-sms\/\" \/>\n<meta property=\"og:site_name\" content=\"Mailcomms Group\" \/>\n<meta property=\"article:modified_time\" content=\"2024-07-23T12:03:57+00:00\" \/>\n<meta property=\"og:image\" content=\"https:\/\/mailcommsgroup.com\/wp-content\/uploads\/2021\/02\/mobile-game-marketing.jpg\" \/>\n\t<meta property=\"og:image:width\" content=\"1920\" \/>\n\t<meta property=\"og:image:height\" content=\"379\" \/>\n\t<meta property=\"og:image:type\" content=\"image\/jpeg\" \/>\n<meta name=\"twitter:card\" content=\"summary_large_image\" \/>\n<meta name=\"twitter:site\" content=\"@CommsCustomer\" \/>\n<script type=\"application\/ld+json\" class=\"yoast-schema-graph\">{\"@context\":\"https:\/\/schema.org\",\"@graph\":[{\"@type\":\"WebPage\",\"@id\":\"https:\/\/mailcommsgroup.com\/pt\/notificacoes-certificadas\/certificado-sms\/\",\"url\":\"https:\/\/mailcommsgroup.com\/pt\/notificacoes-certificadas\/certificado-sms\/\",\"name\":\"\\\"Envia SMS certificados \u3010com valor legal\u3011com MailComms\",\"isPartOf\":{\"@id\":\"https:\/\/mailcommsgroup.com\/pt\/#website\"},\"primaryImageOfPage\":{\"@id\":\"https:\/\/mailcommsgroup.com\/pt\/notificacoes-certificadas\/certificado-sms\/#primaryimage\"},\"image\":{\"@id\":\"https:\/\/mailcommsgroup.com\/pt\/notificacoes-certificadas\/certificado-sms\/#primaryimage\"},\"thumbnailUrl\":\"https:\/\/mailcommsgroup.com\/wp-content\/uploads\/2021\/02\/mobile-game-marketing.jpg\",\"datePublished\":\"2023-04-24T12:23:06+00:00\",\"dateModified\":\"2024-07-23T12:03:57+00:00\",\"description\":\"Chega aos teus clientes, fornecedores ou colaboradores com mensagens SMS certificadas. Uma solu\u00e7\u00e3o r\u00e1pida, eficaz e econ\u00f3mica \u261d Experimenta j\u00e1!\",\"breadcrumb\":{\"@id\":\"https:\/\/mailcommsgroup.com\/pt\/notificacoes-certificadas\/certificado-sms\/#breadcrumb\"},\"inLanguage\":\"pt-PT\",\"potentialAction\":[{\"@type\":\"ReadAction\",\"target\":[\"https:\/\/mailcommsgroup.com\/pt\/notificacoes-certificadas\/certificado-sms\/\"]}]},{\"@type\":\"ImageObject\",\"inLanguage\":\"pt-PT\",\"@id\":\"https:\/\/mailcommsgroup.com\/pt\/notificacoes-certificadas\/certificado-sms\/#primaryimage\",\"url\":\"https:\/\/mailcommsgroup.com\/wp-content\/uploads\/2021\/02\/mobile-game-marketing.jpg\",\"contentUrl\":\"https:\/\/mailcommsgroup.com\/wp-content\/uploads\/2021\/02\/mobile-game-marketing.jpg\",\"width\":1920,\"height\":379,\"caption\":\"Correo electr\u00f3nico certificado\"},{\"@type\":\"BreadcrumbList\",\"@id\":\"https:\/\/mailcommsgroup.com\/pt\/notificacoes-certificadas\/certificado-sms\/#breadcrumb\",\"itemListElement\":[{\"@type\":\"ListItem\",\"position\":1,\"name\":\"Mailcomms Group\",\"item\":\"https:\/\/mailcommsgroup.com\/pt\/\"},{\"@type\":\"ListItem\",\"position\":2,\"name\":\"Notifica\u00e7\u00f5es certificadas\",\"item\":\"https:\/\/mailcommsgroup.com\/pt\/notificacoes-certificadas\/\"},{\"@type\":\"ListItem\",\"position\":3,\"name\":\"SMS certificado\"}]},{\"@type\":\"WebSite\",\"@id\":\"https:\/\/mailcommsgroup.com\/pt\/#website\",\"url\":\"https:\/\/mailcommsgroup.com\/pt\/\",\"name\":\"MailComms Group\",\"description\":\"La transformaci\u00f3n digital a trav\u00e9s de la comunicaci\u00f3n omnicanal, con plena validez legal.\",\"publisher\":{\"@id\":\"https:\/\/mailcommsgroup.com\/pt\/#organization\"},\"alternateName\":\"MailComms Group\",\"potentialAction\":[{\"@type\":\"SearchAction\",\"target\":{\"@type\":\"EntryPoint\",\"urlTemplate\":\"https:\/\/mailcommsgroup.com\/pt\/?s={search_term_string}\"},\"query-input\":{\"@type\":\"PropertyValueSpecification\",\"valueRequired\":true,\"valueName\":\"search_term_string\"}}],\"inLanguage\":\"pt-PT\"},{\"@type\":\"Organization\",\"@id\":\"https:\/\/mailcommsgroup.com\/pt\/#organization\",\"name\":\"MailComms Group - Soluciones de comunicaci\u00f3n omnicanal con validez legal.\",\"alternateName\":\"MailComms Group\",\"url\":\"https:\/\/mailcommsgroup.com\/pt\/\",\"logo\":{\"@type\":\"ImageObject\",\"inLanguage\":\"pt-PT\",\"@id\":\"https:\/\/mailcommsgroup.com\/pt\/#\/schema\/logo\/image\/\",\"url\":\"https:\/\/mailcommsgroup.com\/wp-content\/uploads\/2023\/05\/icon_mini_mailcommsgroup.png\",\"contentUrl\":\"https:\/\/mailcommsgroup.com\/wp-content\/uploads\/2023\/05\/icon_mini_mailcommsgroup.png\",\"width\":512,\"height\":512,\"caption\":\"MailComms Group - Soluciones de comunicaci\u00f3n omnicanal con validez legal.\"},\"image\":{\"@id\":\"https:\/\/mailcommsgroup.com\/pt\/#\/schema\/logo\/image\/\"},\"sameAs\":[\"https:\/\/x.com\/CommsCustomer\",\"https:\/\/www.linkedin.com\/company\/customercomms\/\",\"https:\/\/www.youtube.com\/channel\/UCtvYLee1QHy89JS2-gMgnTQ\"]}]}<\/script>\n<!-- \/ Yoast SEO plugin. -->","yoast_head_json":{"title":"\"Envia SMS certificados \u3010com valor legal\u3011com MailComms","description":"Chega aos teus clientes, fornecedores ou colaboradores com mensagens SMS certificadas. Uma solu\u00e7\u00e3o r\u00e1pida, eficaz e econ\u00f3mica \u261d Experimenta j\u00e1!","robots":{"index":"index","follow":"follow","max-snippet":"max-snippet:-1","max-image-preview":"max-image-preview:large","max-video-preview":"max-video-preview:-1"},"canonical":"https:\/\/mailcommsgroup.com\/pt\/notificacoes-certificadas\/certificado-sms\/","og_locale":"pt_PT","og_type":"article","og_title":"\"Envia SMS certificados \u3010com valor legal\u3011com MailComms","og_description":"Chega aos teus clientes, fornecedores ou colaboradores com mensagens SMS certificadas. Uma solu\u00e7\u00e3o r\u00e1pida, eficaz e econ\u00f3mica \u261d Experimenta j\u00e1!","og_url":"https:\/\/mailcommsgroup.com\/pt\/notificacoes-certificadas\/certificado-sms\/","og_site_name":"Mailcomms Group","article_modified_time":"2024-07-23T12:03:57+00:00","og_image":[{"width":1920,"height":379,"url":"https:\/\/mailcommsgroup.com\/wp-content\/uploads\/2021\/02\/mobile-game-marketing.jpg","type":"image\/jpeg"}],"twitter_card":"summary_large_image","twitter_site":"@CommsCustomer","schema":{"@context":"https:\/\/schema.org","@graph":[{"@type":"WebPage","@id":"https:\/\/mailcommsgroup.com\/pt\/notificacoes-certificadas\/certificado-sms\/","url":"https:\/\/mailcommsgroup.com\/pt\/notificacoes-certificadas\/certificado-sms\/","name":"\"Envia SMS certificados \u3010com valor legal\u3011com MailComms","isPartOf":{"@id":"https:\/\/mailcommsgroup.com\/pt\/#website"},"primaryImageOfPage":{"@id":"https:\/\/mailcommsgroup.com\/pt\/notificacoes-certificadas\/certificado-sms\/#primaryimage"},"image":{"@id":"https:\/\/mailcommsgroup.com\/pt\/notificacoes-certificadas\/certificado-sms\/#primaryimage"},"thumbnailUrl":"https:\/\/mailcommsgroup.com\/wp-content\/uploads\/2021\/02\/mobile-game-marketing.jpg","datePublished":"2023-04-24T12:23:06+00:00","dateModified":"2024-07-23T12:03:57+00:00","description":"Chega aos teus clientes, fornecedores ou colaboradores com mensagens SMS certificadas. Uma solu\u00e7\u00e3o r\u00e1pida, eficaz e econ\u00f3mica \u261d Experimenta j\u00e1!","breadcrumb":{"@id":"https:\/\/mailcommsgroup.com\/pt\/notificacoes-certificadas\/certificado-sms\/#breadcrumb"},"inLanguage":"pt-PT","potentialAction":[{"@type":"ReadAction","target":["https:\/\/mailcommsgroup.com\/pt\/notificacoes-certificadas\/certificado-sms\/"]}]},{"@type":"ImageObject","inLanguage":"pt-PT","@id":"https:\/\/mailcommsgroup.com\/pt\/notificacoes-certificadas\/certificado-sms\/#primaryimage","url":"https:\/\/mailcommsgroup.com\/wp-content\/uploads\/2021\/02\/mobile-game-marketing.jpg","contentUrl":"https:\/\/mailcommsgroup.com\/wp-content\/uploads\/2021\/02\/mobile-game-marketing.jpg","width":1920,"height":379,"caption":"Correo electr\u00f3nico certificado"},{"@type":"BreadcrumbList","@id":"https:\/\/mailcommsgroup.com\/pt\/notificacoes-certificadas\/certificado-sms\/#breadcrumb","itemListElement":[{"@type":"ListItem","position":1,"name":"Mailcomms Group","item":"https:\/\/mailcommsgroup.com\/pt\/"},{"@type":"ListItem","position":2,"name":"Notifica\u00e7\u00f5es certificadas","item":"https:\/\/mailcommsgroup.com\/pt\/notificacoes-certificadas\/"},{"@type":"ListItem","position":3,"name":"SMS certificado"}]},{"@type":"WebSite","@id":"https:\/\/mailcommsgroup.com\/pt\/#website","url":"https:\/\/mailcommsgroup.com\/pt\/","name":"MailComms Group","description":"La transformaci\u00f3n digital a trav\u00e9s de la comunicaci\u00f3n omnicanal, con plena validez legal.","publisher":{"@id":"https:\/\/mailcommsgroup.com\/pt\/#organization"},"alternateName":"MailComms Group","potentialAction":[{"@type":"SearchAction","target":{"@type":"EntryPoint","urlTemplate":"https:\/\/mailcommsgroup.com\/pt\/?s={search_term_string}"},"query-input":{"@type":"PropertyValueSpecification","valueRequired":true,"valueName":"search_term_string"}}],"inLanguage":"pt-PT"},{"@type":"Organization","@id":"https:\/\/mailcommsgroup.com\/pt\/#organization","name":"MailComms Group - Soluciones de comunicaci\u00f3n omnicanal con validez legal.","alternateName":"MailComms Group","url":"https:\/\/mailcommsgroup.com\/pt\/","logo":{"@type":"ImageObject","inLanguage":"pt-PT","@id":"https:\/\/mailcommsgroup.com\/pt\/#\/schema\/logo\/image\/","url":"https:\/\/mailcommsgroup.com\/wp-content\/uploads\/2023\/05\/icon_mini_mailcommsgroup.png","contentUrl":"https:\/\/mailcommsgroup.com\/wp-content\/uploads\/2023\/05\/icon_mini_mailcommsgroup.png","width":512,"height":512,"caption":"MailComms Group - Soluciones de comunicaci\u00f3n omnicanal con validez legal."},"image":{"@id":"https:\/\/mailcommsgroup.com\/pt\/#\/schema\/logo\/image\/"},"sameAs":["https:\/\/x.com\/CommsCustomer","https:\/\/www.linkedin.com\/company\/customercomms\/","https:\/\/www.youtube.com\/channel\/UCtvYLee1QHy89JS2-gMgnTQ"]}]}},"_links":{"self":[{"href":"https:\/\/mailcommsgroup.com\/pt\/wp-json\/wp\/v2\/pages\/20488","targetHints":{"allow":["GET"]}}],"collection":[{"href":"https:\/\/mailcommsgroup.com\/pt\/wp-json\/wp\/v2\/pages"}],"about":[{"href":"https:\/\/mailcommsgroup.com\/pt\/wp-json\/wp\/v2\/types\/page"}],"author":[{"embeddable":true,"href":"https:\/\/mailcommsgroup.com\/pt\/wp-json\/wp\/v2\/users\/1"}],"replies":[{"embeddable":true,"href":"https:\/\/mailcommsgroup.com\/pt\/wp-json\/wp\/v2\/comments?post=20488"}],"version-history":[{"count":1,"href":"https:\/\/mailcommsgroup.com\/pt\/wp-json\/wp\/v2\/pages\/20488\/revisions"}],"predecessor-version":[{"id":20489,"href":"https:\/\/mailcommsgroup.com\/pt\/wp-json\/wp\/v2\/pages\/20488\/revisions\/20489"}],"up":[{"embeddable":true,"href":"https:\/\/mailcommsgroup.com\/pt\/wp-json\/wp\/v2\/pages\/20474"}],"wp:featuredmedia":[{"embeddable":true,"href":"https:\/\/mailcommsgroup.com\/pt\/wp-json\/wp\/v2\/media\/18979"}],"wp:attachment":[{"href":"https:\/\/mailcommsgroup.com\/pt\/wp-json\/wp\/v2\/media?parent=20488"}],"curies":[{"name":"wp","href":"https:\/\/api.w.org\/{rel}","templated":true}]}}