{"id":20470,"date":"2023-07-28T08:52:50","date_gmt":"2023-07-28T06:52:50","guid":{"rendered":"https:\/\/mailcommsgroup.com\/identificacao-certificada-digital-digital\/dni-wallet-by-secuware\/"},"modified":"2025-04-29T14:20:53","modified_gmt":"2025-04-29T12:20:53","slug":"dni-wallet-by-secuware","status":"publish","type":"page","link":"https:\/\/mailcommsgroup.com\/pt\/identificacao-digital-certificada\/dni-wallet-by-secuware\/","title":{"rendered":"DNI Wallet da Secuware"},"content":{"rendered":"","protected":false},"excerpt":{"rendered":"","protected":false},"author":1,"featured_media":20395,"parent":20467,"menu_order":0,"comment_status":"closed","ping_status":"closed","template":"intro-modular.php","meta":{"_acf_changed":false,"footnotes":""},"class_list":["post-20470","page","type-page","status-publish","has-post-thumbnail","hentry"],"acf":[],"yoast_head":"<!-- This site is optimized with the Yoast SEO plugin v27.2 - https:\/\/yoast.com\/product\/yoast-seo-wordpress\/ -->\n<title>\u00bb Acelera a identifica\u00e7\u00e3o dos clientes com cart\u00f5es de identifica\u00e7\u00e3o digital<\/title>\n<meta name=\"description\" content=\"Simplifica a identifica\u00e7\u00e3o dos teus clientes com o DNI digital \u2b50 Com a Carteira DNI, o DNI e outros documentos no teu telem\u00f3vel de forma segura e legal.\" \/>\n<meta name=\"robots\" content=\"index, follow, max-snippet:-1, max-image-preview:large, max-video-preview:-1\" \/>\n<link rel=\"canonical\" href=\"https:\/\/mailcommsgroup.com\/pt\/identificacao-digital-certificada\/dni-wallet-by-secuware\/\" \/>\n<meta property=\"og:locale\" content=\"pt_PT\" \/>\n<meta property=\"og:type\" content=\"article\" \/>\n<meta property=\"og:title\" content=\"\u00bb Acelera a identifica\u00e7\u00e3o dos clientes com cart\u00f5es de identifica\u00e7\u00e3o digital\" \/>\n<meta property=\"og:description\" content=\"Simplifica a identifica\u00e7\u00e3o dos teus clientes com o DNI digital \u2b50 Com a Carteira DNI, o DNI e outros documentos no teu telem\u00f3vel de forma segura e legal.\" \/>\n<meta property=\"og:url\" content=\"https:\/\/mailcommsgroup.com\/pt\/identificacao-digital-certificada\/dni-wallet-by-secuware\/\" \/>\n<meta property=\"og:site_name\" content=\"Mailcomms Group\" \/>\n<meta property=\"article:modified_time\" content=\"2025-04-29T12:20:53+00:00\" \/>\n<meta property=\"og:image\" content=\"https:\/\/mailcommsgroup.com\/wp-content\/uploads\/2023\/07\/DNI_Wallet_cabecera.png\" \/>\n\t<meta property=\"og:image:width\" content=\"482\" \/>\n\t<meta property=\"og:image:height\" content=\"401\" \/>\n\t<meta property=\"og:image:type\" content=\"image\/png\" \/>\n<meta name=\"twitter:card\" content=\"summary_large_image\" \/>\n<meta name=\"twitter:site\" content=\"@CommsCustomer\" \/>\n<script type=\"application\/ld+json\" class=\"yoast-schema-graph\">{\"@context\":\"https:\/\/schema.org\",\"@graph\":[{\"@type\":\"WebPage\",\"@id\":\"https:\/\/mailcommsgroup.com\/pt\/identificacao-digital-certificada\/dni-wallet-by-secuware\/\",\"url\":\"https:\/\/mailcommsgroup.com\/pt\/identificacao-digital-certificada\/dni-wallet-by-secuware\/\",\"name\":\"\u00bb Acelera a identifica\u00e7\u00e3o dos clientes com cart\u00f5es de identifica\u00e7\u00e3o digital\",\"isPartOf\":{\"@id\":\"https:\/\/mailcommsgroup.com\/pt\/#website\"},\"primaryImageOfPage\":{\"@id\":\"https:\/\/mailcommsgroup.com\/pt\/identificacao-digital-certificada\/dni-wallet-by-secuware\/#primaryimage\"},\"image\":{\"@id\":\"https:\/\/mailcommsgroup.com\/pt\/identificacao-digital-certificada\/dni-wallet-by-secuware\/#primaryimage\"},\"thumbnailUrl\":\"https:\/\/mailcommsgroup.com\/wp-content\/uploads\/2023\/07\/DNI_Wallet_cabecera.png\",\"datePublished\":\"2023-07-28T06:52:50+00:00\",\"dateModified\":\"2025-04-29T12:20:53+00:00\",\"description\":\"Simplifica a identifica\u00e7\u00e3o dos teus clientes com o DNI digital \u2b50 Com a Carteira DNI, o DNI e outros documentos no teu telem\u00f3vel de forma segura e legal.\",\"breadcrumb\":{\"@id\":\"https:\/\/mailcommsgroup.com\/pt\/identificacao-digital-certificada\/dni-wallet-by-secuware\/#breadcrumb\"},\"inLanguage\":\"pt-PT\",\"potentialAction\":[{\"@type\":\"ReadAction\",\"target\":[\"https:\/\/mailcommsgroup.com\/pt\/identificacao-digital-certificada\/dni-wallet-by-secuware\/\"]}]},{\"@type\":\"ImageObject\",\"inLanguage\":\"pt-PT\",\"@id\":\"https:\/\/mailcommsgroup.com\/pt\/identificacao-digital-certificada\/dni-wallet-by-secuware\/#primaryimage\",\"url\":\"https:\/\/mailcommsgroup.com\/wp-content\/uploads\/2023\/07\/DNI_Wallet_cabecera.png\",\"contentUrl\":\"https:\/\/mailcommsgroup.com\/wp-content\/uploads\/2023\/07\/DNI_Wallet_cabecera.png\",\"width\":482,\"height\":401,\"caption\":\"Imagen DNI Wallet\"},{\"@type\":\"BreadcrumbList\",\"@id\":\"https:\/\/mailcommsgroup.com\/pt\/identificacao-digital-certificada\/dni-wallet-by-secuware\/#breadcrumb\",\"itemListElement\":[{\"@type\":\"ListItem\",\"position\":1,\"name\":\"Mailcomms Group\",\"item\":\"https:\/\/mailcommsgroup.com\/pt\/\"},{\"@type\":\"ListItem\",\"position\":2,\"name\":\"Identifica\u00e7\u00e3o digital certificada\",\"item\":\"https:\/\/mailcommsgroup.com\/pt\/identificacao-digital-certificada\/\"},{\"@type\":\"ListItem\",\"position\":3,\"name\":\"DNI Wallet da Secuware\"}]},{\"@type\":\"WebSite\",\"@id\":\"https:\/\/mailcommsgroup.com\/pt\/#website\",\"url\":\"https:\/\/mailcommsgroup.com\/pt\/\",\"name\":\"MailComms Group\",\"description\":\"La transformaci\u00f3n digital a trav\u00e9s de la comunicaci\u00f3n omnicanal, con plena validez legal.\",\"publisher\":{\"@id\":\"https:\/\/mailcommsgroup.com\/pt\/#organization\"},\"alternateName\":\"MailComms Group\",\"potentialAction\":[{\"@type\":\"SearchAction\",\"target\":{\"@type\":\"EntryPoint\",\"urlTemplate\":\"https:\/\/mailcommsgroup.com\/pt\/?s={search_term_string}\"},\"query-input\":{\"@type\":\"PropertyValueSpecification\",\"valueRequired\":true,\"valueName\":\"search_term_string\"}}],\"inLanguage\":\"pt-PT\"},{\"@type\":\"Organization\",\"@id\":\"https:\/\/mailcommsgroup.com\/pt\/#organization\",\"name\":\"MailComms Group - Soluciones de comunicaci\u00f3n omnicanal con validez legal.\",\"alternateName\":\"MailComms Group\",\"url\":\"https:\/\/mailcommsgroup.com\/pt\/\",\"logo\":{\"@type\":\"ImageObject\",\"inLanguage\":\"pt-PT\",\"@id\":\"https:\/\/mailcommsgroup.com\/pt\/#\/schema\/logo\/image\/\",\"url\":\"https:\/\/mailcommsgroup.com\/wp-content\/uploads\/2023\/05\/icon_mini_mailcommsgroup.png\",\"contentUrl\":\"https:\/\/mailcommsgroup.com\/wp-content\/uploads\/2023\/05\/icon_mini_mailcommsgroup.png\",\"width\":512,\"height\":512,\"caption\":\"MailComms Group - Soluciones de comunicaci\u00f3n omnicanal con validez legal.\"},\"image\":{\"@id\":\"https:\/\/mailcommsgroup.com\/pt\/#\/schema\/logo\/image\/\"},\"sameAs\":[\"https:\/\/x.com\/CommsCustomer\",\"https:\/\/www.linkedin.com\/company\/customercomms\/\",\"https:\/\/www.youtube.com\/channel\/UCtvYLee1QHy89JS2-gMgnTQ\"]}]}<\/script>\n<!-- \/ Yoast SEO plugin. -->","yoast_head_json":{"title":"\u00bb Acelera a identifica\u00e7\u00e3o dos clientes com cart\u00f5es de identifica\u00e7\u00e3o digital","description":"Simplifica a identifica\u00e7\u00e3o dos teus clientes com o DNI digital \u2b50 Com a Carteira DNI, o DNI e outros documentos no teu telem\u00f3vel de forma segura e legal.","robots":{"index":"index","follow":"follow","max-snippet":"max-snippet:-1","max-image-preview":"max-image-preview:large","max-video-preview":"max-video-preview:-1"},"canonical":"https:\/\/mailcommsgroup.com\/pt\/identificacao-digital-certificada\/dni-wallet-by-secuware\/","og_locale":"pt_PT","og_type":"article","og_title":"\u00bb Acelera a identifica\u00e7\u00e3o dos clientes com cart\u00f5es de identifica\u00e7\u00e3o digital","og_description":"Simplifica a identifica\u00e7\u00e3o dos teus clientes com o DNI digital \u2b50 Com a Carteira DNI, o DNI e outros documentos no teu telem\u00f3vel de forma segura e legal.","og_url":"https:\/\/mailcommsgroup.com\/pt\/identificacao-digital-certificada\/dni-wallet-by-secuware\/","og_site_name":"Mailcomms Group","article_modified_time":"2025-04-29T12:20:53+00:00","og_image":[{"width":482,"height":401,"url":"https:\/\/mailcommsgroup.com\/wp-content\/uploads\/2023\/07\/DNI_Wallet_cabecera.png","type":"image\/png"}],"twitter_card":"summary_large_image","twitter_site":"@CommsCustomer","schema":{"@context":"https:\/\/schema.org","@graph":[{"@type":"WebPage","@id":"https:\/\/mailcommsgroup.com\/pt\/identificacao-digital-certificada\/dni-wallet-by-secuware\/","url":"https:\/\/mailcommsgroup.com\/pt\/identificacao-digital-certificada\/dni-wallet-by-secuware\/","name":"\u00bb Acelera a identifica\u00e7\u00e3o dos clientes com cart\u00f5es de identifica\u00e7\u00e3o digital","isPartOf":{"@id":"https:\/\/mailcommsgroup.com\/pt\/#website"},"primaryImageOfPage":{"@id":"https:\/\/mailcommsgroup.com\/pt\/identificacao-digital-certificada\/dni-wallet-by-secuware\/#primaryimage"},"image":{"@id":"https:\/\/mailcommsgroup.com\/pt\/identificacao-digital-certificada\/dni-wallet-by-secuware\/#primaryimage"},"thumbnailUrl":"https:\/\/mailcommsgroup.com\/wp-content\/uploads\/2023\/07\/DNI_Wallet_cabecera.png","datePublished":"2023-07-28T06:52:50+00:00","dateModified":"2025-04-29T12:20:53+00:00","description":"Simplifica a identifica\u00e7\u00e3o dos teus clientes com o DNI digital \u2b50 Com a Carteira DNI, o DNI e outros documentos no teu telem\u00f3vel de forma segura e legal.","breadcrumb":{"@id":"https:\/\/mailcommsgroup.com\/pt\/identificacao-digital-certificada\/dni-wallet-by-secuware\/#breadcrumb"},"inLanguage":"pt-PT","potentialAction":[{"@type":"ReadAction","target":["https:\/\/mailcommsgroup.com\/pt\/identificacao-digital-certificada\/dni-wallet-by-secuware\/"]}]},{"@type":"ImageObject","inLanguage":"pt-PT","@id":"https:\/\/mailcommsgroup.com\/pt\/identificacao-digital-certificada\/dni-wallet-by-secuware\/#primaryimage","url":"https:\/\/mailcommsgroup.com\/wp-content\/uploads\/2023\/07\/DNI_Wallet_cabecera.png","contentUrl":"https:\/\/mailcommsgroup.com\/wp-content\/uploads\/2023\/07\/DNI_Wallet_cabecera.png","width":482,"height":401,"caption":"Imagen DNI Wallet"},{"@type":"BreadcrumbList","@id":"https:\/\/mailcommsgroup.com\/pt\/identificacao-digital-certificada\/dni-wallet-by-secuware\/#breadcrumb","itemListElement":[{"@type":"ListItem","position":1,"name":"Mailcomms Group","item":"https:\/\/mailcommsgroup.com\/pt\/"},{"@type":"ListItem","position":2,"name":"Identifica\u00e7\u00e3o digital certificada","item":"https:\/\/mailcommsgroup.com\/pt\/identificacao-digital-certificada\/"},{"@type":"ListItem","position":3,"name":"DNI Wallet da Secuware"}]},{"@type":"WebSite","@id":"https:\/\/mailcommsgroup.com\/pt\/#website","url":"https:\/\/mailcommsgroup.com\/pt\/","name":"MailComms Group","description":"La transformaci\u00f3n digital a trav\u00e9s de la comunicaci\u00f3n omnicanal, con plena validez legal.","publisher":{"@id":"https:\/\/mailcommsgroup.com\/pt\/#organization"},"alternateName":"MailComms Group","potentialAction":[{"@type":"SearchAction","target":{"@type":"EntryPoint","urlTemplate":"https:\/\/mailcommsgroup.com\/pt\/?s={search_term_string}"},"query-input":{"@type":"PropertyValueSpecification","valueRequired":true,"valueName":"search_term_string"}}],"inLanguage":"pt-PT"},{"@type":"Organization","@id":"https:\/\/mailcommsgroup.com\/pt\/#organization","name":"MailComms Group - Soluciones de comunicaci\u00f3n omnicanal con validez legal.","alternateName":"MailComms Group","url":"https:\/\/mailcommsgroup.com\/pt\/","logo":{"@type":"ImageObject","inLanguage":"pt-PT","@id":"https:\/\/mailcommsgroup.com\/pt\/#\/schema\/logo\/image\/","url":"https:\/\/mailcommsgroup.com\/wp-content\/uploads\/2023\/05\/icon_mini_mailcommsgroup.png","contentUrl":"https:\/\/mailcommsgroup.com\/wp-content\/uploads\/2023\/05\/icon_mini_mailcommsgroup.png","width":512,"height":512,"caption":"MailComms Group - Soluciones de comunicaci\u00f3n omnicanal con validez legal."},"image":{"@id":"https:\/\/mailcommsgroup.com\/pt\/#\/schema\/logo\/image\/"},"sameAs":["https:\/\/x.com\/CommsCustomer","https:\/\/www.linkedin.com\/company\/customercomms\/","https:\/\/www.youtube.com\/channel\/UCtvYLee1QHy89JS2-gMgnTQ"]}]}},"_links":{"self":[{"href":"https:\/\/mailcommsgroup.com\/pt\/wp-json\/wp\/v2\/pages\/20470","targetHints":{"allow":["GET"]}}],"collection":[{"href":"https:\/\/mailcommsgroup.com\/pt\/wp-json\/wp\/v2\/pages"}],"about":[{"href":"https:\/\/mailcommsgroup.com\/pt\/wp-json\/wp\/v2\/types\/page"}],"author":[{"embeddable":true,"href":"https:\/\/mailcommsgroup.com\/pt\/wp-json\/wp\/v2\/users\/1"}],"replies":[{"embeddable":true,"href":"https:\/\/mailcommsgroup.com\/pt\/wp-json\/wp\/v2\/comments?post=20470"}],"version-history":[{"count":3,"href":"https:\/\/mailcommsgroup.com\/pt\/wp-json\/wp\/v2\/pages\/20470\/revisions"}],"predecessor-version":[{"id":28471,"href":"https:\/\/mailcommsgroup.com\/pt\/wp-json\/wp\/v2\/pages\/20470\/revisions\/28471"}],"up":[{"embeddable":true,"href":"https:\/\/mailcommsgroup.com\/pt\/wp-json\/wp\/v2\/pages\/20467"}],"wp:featuredmedia":[{"embeddable":true,"href":"https:\/\/mailcommsgroup.com\/pt\/wp-json\/wp\/v2\/media\/20395"}],"wp:attachment":[{"href":"https:\/\/mailcommsgroup.com\/pt\/wp-json\/wp\/v2\/media?parent=20470"}],"curies":[{"name":"wp","href":"https:\/\/api.w.org\/{rel}","templated":true}]}}