{"id":20442,"date":"2021-06-14T19:20:38","date_gmt":"2021-06-14T17:20:38","guid":{"rendered":"https:\/\/mailcommsgroup.com\/e-fatura\/"},"modified":"2025-01-20T16:17:45","modified_gmt":"2025-01-20T15:17:45","slug":"fatura-eletronica","status":"publish","type":"page","link":"https:\/\/mailcommsgroup.com\/pt\/comunicacoes-transaccionais\/fatura-eletronica\/","title":{"rendered":"Fatura eletr\u00f3nica"},"content":{"rendered":"","protected":false},"excerpt":{"rendered":"","protected":false},"author":1,"featured_media":20330,"parent":20448,"menu_order":0,"comment_status":"closed","ping_status":"closed","template":"intro-modular.php","meta":{"_acf_changed":false,"footnotes":""},"class_list":["post-20442","page","type-page","status-publish","has-post-thumbnail","hentry"],"acf":[],"yoast_head":"<!-- This site is optimized with the Yoast SEO plugin v27.2 - https:\/\/yoast.com\/product\/yoast-seo-wordpress\/ -->\n<title>\u00bb Conhece a nossa plataforma de fatura\u00e7\u00e3o eletr\u00f3nica<\/title>\n<meta name=\"description\" content=\"\u2b50 Simplifique e automatize a sua fatura\u00e7\u00e3o com a nossa plataforma de fatura\u00e7\u00e3o eletr\u00f3nica Cumpra os regulamentos e melhore as opera\u00e7\u00f5es da sua empresa.\" \/>\n<meta name=\"robots\" content=\"index, follow, max-snippet:-1, max-image-preview:large, max-video-preview:-1\" \/>\n<link rel=\"canonical\" href=\"https:\/\/mailcommsgroup.com\/pt\/comunicacoes-transaccionais\/fatura-eletronica\/\" \/>\n<meta property=\"og:locale\" content=\"pt_PT\" \/>\n<meta property=\"og:type\" content=\"article\" \/>\n<meta property=\"og:title\" content=\"\u00bb Conhece a nossa plataforma de fatura\u00e7\u00e3o eletr\u00f3nica\" \/>\n<meta property=\"og:description\" content=\"\u2b50 Simplifique e automatize a sua fatura\u00e7\u00e3o com a nossa plataforma de fatura\u00e7\u00e3o eletr\u00f3nica Cumpra os regulamentos e melhore as opera\u00e7\u00f5es da sua empresa.\" \/>\n<meta property=\"og:url\" content=\"https:\/\/mailcommsgroup.com\/pt\/comunicacoes-transaccionais\/fatura-eletronica\/\" \/>\n<meta property=\"og:site_name\" content=\"Mailcomms Group\" \/>\n<meta property=\"article:modified_time\" content=\"2025-01-20T15:17:45+00:00\" \/>\n<meta property=\"og:image\" content=\"https:\/\/mailcommsgroup.com\/wp-content\/uploads\/2023\/06\/E-factura_cabcera.png\" \/>\n\t<meta property=\"og:image:width\" content=\"482\" \/>\n\t<meta property=\"og:image:height\" content=\"401\" \/>\n\t<meta property=\"og:image:type\" content=\"image\/png\" \/>\n<meta name=\"twitter:card\" content=\"summary_large_image\" \/>\n<meta name=\"twitter:site\" content=\"@CommsCustomer\" \/>\n<script type=\"application\/ld+json\" class=\"yoast-schema-graph\">{\"@context\":\"https:\/\/schema.org\",\"@graph\":[{\"@type\":\"WebPage\",\"@id\":\"https:\/\/mailcommsgroup.com\/pt\/comunicacoes-transaccionais\/fatura-eletronica\/\",\"url\":\"https:\/\/mailcommsgroup.com\/pt\/comunicacoes-transaccionais\/fatura-eletronica\/\",\"name\":\"\u00bb Conhece a nossa plataforma de fatura\u00e7\u00e3o eletr\u00f3nica\",\"isPartOf\":{\"@id\":\"https:\/\/mailcommsgroup.com\/pt\/#website\"},\"primaryImageOfPage\":{\"@id\":\"https:\/\/mailcommsgroup.com\/pt\/comunicacoes-transaccionais\/fatura-eletronica\/#primaryimage\"},\"image\":{\"@id\":\"https:\/\/mailcommsgroup.com\/pt\/comunicacoes-transaccionais\/fatura-eletronica\/#primaryimage\"},\"thumbnailUrl\":\"https:\/\/mailcommsgroup.com\/wp-content\/uploads\/2023\/06\/E-factura_cabcera.png\",\"datePublished\":\"2021-06-14T17:20:38+00:00\",\"dateModified\":\"2025-01-20T15:17:45+00:00\",\"description\":\"\u2b50 Simplifique e automatize a sua fatura\u00e7\u00e3o com a nossa plataforma de fatura\u00e7\u00e3o eletr\u00f3nica Cumpra os regulamentos e melhore as opera\u00e7\u00f5es da sua empresa.\",\"breadcrumb\":{\"@id\":\"https:\/\/mailcommsgroup.com\/pt\/comunicacoes-transaccionais\/fatura-eletronica\/#breadcrumb\"},\"inLanguage\":\"pt-PT\",\"potentialAction\":[{\"@type\":\"ReadAction\",\"target\":[\"https:\/\/mailcommsgroup.com\/pt\/comunicacoes-transaccionais\/fatura-eletronica\/\"]}]},{\"@type\":\"ImageObject\",\"inLanguage\":\"pt-PT\",\"@id\":\"https:\/\/mailcommsgroup.com\/pt\/comunicacoes-transaccionais\/fatura-eletronica\/#primaryimage\",\"url\":\"https:\/\/mailcommsgroup.com\/wp-content\/uploads\/2023\/06\/E-factura_cabcera.png\",\"contentUrl\":\"https:\/\/mailcommsgroup.com\/wp-content\/uploads\/2023\/06\/E-factura_cabcera.png\",\"width\":482,\"height\":401,\"caption\":\"plataforma de factura electr\u00f3nica para aut\u00f3nomos y empresas\"},{\"@type\":\"BreadcrumbList\",\"@id\":\"https:\/\/mailcommsgroup.com\/pt\/comunicacoes-transaccionais\/fatura-eletronica\/#breadcrumb\",\"itemListElement\":[{\"@type\":\"ListItem\",\"position\":1,\"name\":\"Mailcomms Group\",\"item\":\"https:\/\/mailcommsgroup.com\/pt\/\"},{\"@type\":\"ListItem\",\"position\":2,\"name\":\"Comunica\u00e7\u00f5es transaccionais\",\"item\":\"https:\/\/mailcommsgroup.com\/pt\/comunicacoes-transaccionais\/\"},{\"@type\":\"ListItem\",\"position\":3,\"name\":\"Fatura eletr\u00f3nica\"}]},{\"@type\":\"WebSite\",\"@id\":\"https:\/\/mailcommsgroup.com\/pt\/#website\",\"url\":\"https:\/\/mailcommsgroup.com\/pt\/\",\"name\":\"MailComms Group\",\"description\":\"La transformaci\u00f3n digital a trav\u00e9s de la comunicaci\u00f3n omnicanal, con plena validez legal.\",\"publisher\":{\"@id\":\"https:\/\/mailcommsgroup.com\/pt\/#organization\"},\"alternateName\":\"MailComms Group\",\"potentialAction\":[{\"@type\":\"SearchAction\",\"target\":{\"@type\":\"EntryPoint\",\"urlTemplate\":\"https:\/\/mailcommsgroup.com\/pt\/?s={search_term_string}\"},\"query-input\":{\"@type\":\"PropertyValueSpecification\",\"valueRequired\":true,\"valueName\":\"search_term_string\"}}],\"inLanguage\":\"pt-PT\"},{\"@type\":\"Organization\",\"@id\":\"https:\/\/mailcommsgroup.com\/pt\/#organization\",\"name\":\"MailComms Group - Soluciones de comunicaci\u00f3n omnicanal con validez legal.\",\"alternateName\":\"MailComms Group\",\"url\":\"https:\/\/mailcommsgroup.com\/pt\/\",\"logo\":{\"@type\":\"ImageObject\",\"inLanguage\":\"pt-PT\",\"@id\":\"https:\/\/mailcommsgroup.com\/pt\/#\/schema\/logo\/image\/\",\"url\":\"https:\/\/mailcommsgroup.com\/wp-content\/uploads\/2023\/05\/icon_mini_mailcommsgroup.png\",\"contentUrl\":\"https:\/\/mailcommsgroup.com\/wp-content\/uploads\/2023\/05\/icon_mini_mailcommsgroup.png\",\"width\":512,\"height\":512,\"caption\":\"MailComms Group - Soluciones de comunicaci\u00f3n omnicanal con validez legal.\"},\"image\":{\"@id\":\"https:\/\/mailcommsgroup.com\/pt\/#\/schema\/logo\/image\/\"},\"sameAs\":[\"https:\/\/x.com\/CommsCustomer\",\"https:\/\/www.linkedin.com\/company\/customercomms\/\",\"https:\/\/www.youtube.com\/channel\/UCtvYLee1QHy89JS2-gMgnTQ\"]}]}<\/script>\n<!-- \/ Yoast SEO plugin. -->","yoast_head_json":{"title":"\u00bb Conhece a nossa plataforma de fatura\u00e7\u00e3o eletr\u00f3nica","description":"\u2b50 Simplifique e automatize a sua fatura\u00e7\u00e3o com a nossa plataforma de fatura\u00e7\u00e3o eletr\u00f3nica Cumpra os regulamentos e melhore as opera\u00e7\u00f5es da sua empresa.","robots":{"index":"index","follow":"follow","max-snippet":"max-snippet:-1","max-image-preview":"max-image-preview:large","max-video-preview":"max-video-preview:-1"},"canonical":"https:\/\/mailcommsgroup.com\/pt\/comunicacoes-transaccionais\/fatura-eletronica\/","og_locale":"pt_PT","og_type":"article","og_title":"\u00bb Conhece a nossa plataforma de fatura\u00e7\u00e3o eletr\u00f3nica","og_description":"\u2b50 Simplifique e automatize a sua fatura\u00e7\u00e3o com a nossa plataforma de fatura\u00e7\u00e3o eletr\u00f3nica Cumpra os regulamentos e melhore as opera\u00e7\u00f5es da sua empresa.","og_url":"https:\/\/mailcommsgroup.com\/pt\/comunicacoes-transaccionais\/fatura-eletronica\/","og_site_name":"Mailcomms Group","article_modified_time":"2025-01-20T15:17:45+00:00","og_image":[{"width":482,"height":401,"url":"https:\/\/mailcommsgroup.com\/wp-content\/uploads\/2023\/06\/E-factura_cabcera.png","type":"image\/png"}],"twitter_card":"summary_large_image","twitter_site":"@CommsCustomer","schema":{"@context":"https:\/\/schema.org","@graph":[{"@type":"WebPage","@id":"https:\/\/mailcommsgroup.com\/pt\/comunicacoes-transaccionais\/fatura-eletronica\/","url":"https:\/\/mailcommsgroup.com\/pt\/comunicacoes-transaccionais\/fatura-eletronica\/","name":"\u00bb Conhece a nossa plataforma de fatura\u00e7\u00e3o eletr\u00f3nica","isPartOf":{"@id":"https:\/\/mailcommsgroup.com\/pt\/#website"},"primaryImageOfPage":{"@id":"https:\/\/mailcommsgroup.com\/pt\/comunicacoes-transaccionais\/fatura-eletronica\/#primaryimage"},"image":{"@id":"https:\/\/mailcommsgroup.com\/pt\/comunicacoes-transaccionais\/fatura-eletronica\/#primaryimage"},"thumbnailUrl":"https:\/\/mailcommsgroup.com\/wp-content\/uploads\/2023\/06\/E-factura_cabcera.png","datePublished":"2021-06-14T17:20:38+00:00","dateModified":"2025-01-20T15:17:45+00:00","description":"\u2b50 Simplifique e automatize a sua fatura\u00e7\u00e3o com a nossa plataforma de fatura\u00e7\u00e3o eletr\u00f3nica Cumpra os regulamentos e melhore as opera\u00e7\u00f5es da sua empresa.","breadcrumb":{"@id":"https:\/\/mailcommsgroup.com\/pt\/comunicacoes-transaccionais\/fatura-eletronica\/#breadcrumb"},"inLanguage":"pt-PT","potentialAction":[{"@type":"ReadAction","target":["https:\/\/mailcommsgroup.com\/pt\/comunicacoes-transaccionais\/fatura-eletronica\/"]}]},{"@type":"ImageObject","inLanguage":"pt-PT","@id":"https:\/\/mailcommsgroup.com\/pt\/comunicacoes-transaccionais\/fatura-eletronica\/#primaryimage","url":"https:\/\/mailcommsgroup.com\/wp-content\/uploads\/2023\/06\/E-factura_cabcera.png","contentUrl":"https:\/\/mailcommsgroup.com\/wp-content\/uploads\/2023\/06\/E-factura_cabcera.png","width":482,"height":401,"caption":"plataforma de factura electr\u00f3nica para aut\u00f3nomos y empresas"},{"@type":"BreadcrumbList","@id":"https:\/\/mailcommsgroup.com\/pt\/comunicacoes-transaccionais\/fatura-eletronica\/#breadcrumb","itemListElement":[{"@type":"ListItem","position":1,"name":"Mailcomms Group","item":"https:\/\/mailcommsgroup.com\/pt\/"},{"@type":"ListItem","position":2,"name":"Comunica\u00e7\u00f5es transaccionais","item":"https:\/\/mailcommsgroup.com\/pt\/comunicacoes-transaccionais\/"},{"@type":"ListItem","position":3,"name":"Fatura eletr\u00f3nica"}]},{"@type":"WebSite","@id":"https:\/\/mailcommsgroup.com\/pt\/#website","url":"https:\/\/mailcommsgroup.com\/pt\/","name":"MailComms Group","description":"La transformaci\u00f3n digital a trav\u00e9s de la comunicaci\u00f3n omnicanal, con plena validez legal.","publisher":{"@id":"https:\/\/mailcommsgroup.com\/pt\/#organization"},"alternateName":"MailComms Group","potentialAction":[{"@type":"SearchAction","target":{"@type":"EntryPoint","urlTemplate":"https:\/\/mailcommsgroup.com\/pt\/?s={search_term_string}"},"query-input":{"@type":"PropertyValueSpecification","valueRequired":true,"valueName":"search_term_string"}}],"inLanguage":"pt-PT"},{"@type":"Organization","@id":"https:\/\/mailcommsgroup.com\/pt\/#organization","name":"MailComms Group - Soluciones de comunicaci\u00f3n omnicanal con validez legal.","alternateName":"MailComms Group","url":"https:\/\/mailcommsgroup.com\/pt\/","logo":{"@type":"ImageObject","inLanguage":"pt-PT","@id":"https:\/\/mailcommsgroup.com\/pt\/#\/schema\/logo\/image\/","url":"https:\/\/mailcommsgroup.com\/wp-content\/uploads\/2023\/05\/icon_mini_mailcommsgroup.png","contentUrl":"https:\/\/mailcommsgroup.com\/wp-content\/uploads\/2023\/05\/icon_mini_mailcommsgroup.png","width":512,"height":512,"caption":"MailComms Group - Soluciones de comunicaci\u00f3n omnicanal con validez legal."},"image":{"@id":"https:\/\/mailcommsgroup.com\/pt\/#\/schema\/logo\/image\/"},"sameAs":["https:\/\/x.com\/CommsCustomer","https:\/\/www.linkedin.com\/company\/customercomms\/","https:\/\/www.youtube.com\/channel\/UCtvYLee1QHy89JS2-gMgnTQ"]}]}},"_links":{"self":[{"href":"https:\/\/mailcommsgroup.com\/pt\/wp-json\/wp\/v2\/pages\/20442","targetHints":{"allow":["GET"]}}],"collection":[{"href":"https:\/\/mailcommsgroup.com\/pt\/wp-json\/wp\/v2\/pages"}],"about":[{"href":"https:\/\/mailcommsgroup.com\/pt\/wp-json\/wp\/v2\/types\/page"}],"author":[{"embeddable":true,"href":"https:\/\/mailcommsgroup.com\/pt\/wp-json\/wp\/v2\/users\/1"}],"replies":[{"embeddable":true,"href":"https:\/\/mailcommsgroup.com\/pt\/wp-json\/wp\/v2\/comments?post=20442"}],"version-history":[{"count":5,"href":"https:\/\/mailcommsgroup.com\/pt\/wp-json\/wp\/v2\/pages\/20442\/revisions"}],"predecessor-version":[{"id":31270,"href":"https:\/\/mailcommsgroup.com\/pt\/wp-json\/wp\/v2\/pages\/20442\/revisions\/31270"}],"up":[{"embeddable":true,"href":"https:\/\/mailcommsgroup.com\/pt\/wp-json\/wp\/v2\/pages\/20448"}],"wp:featuredmedia":[{"embeddable":true,"href":"https:\/\/mailcommsgroup.com\/pt\/wp-json\/wp\/v2\/media\/20330"}],"wp:attachment":[{"href":"https:\/\/mailcommsgroup.com\/pt\/wp-json\/wp\/v2\/media?parent=20442"}],"curies":[{"name":"wp","href":"https:\/\/api.w.org\/{rel}","templated":true}]}}