{"id":35639,"date":"2025-06-09T10:00:14","date_gmt":"2025-06-09T08:00:14","guid":{"rendered":"https:\/\/mailcommsgroup.com\/?page_id=35639"},"modified":"2025-06-09T10:18:11","modified_gmt":"2025-06-09T08:18:11","slug":"sustainability","status":"publish","type":"page","link":"https:\/\/mailcommsgroup.com\/en\/us\/sustainability\/","title":{"rendered":"Sustainability"},"content":{"rendered":"","protected":false},"excerpt":{"rendered":"","protected":false},"author":1,"featured_media":16927,"parent":42637,"menu_order":0,"comment_status":"closed","ping_status":"closed","template":"intro-modular.php","meta":{"_acf_changed":false,"footnotes":""},"class_list":["post-35639","page","type-page","status-publish","has-post-thumbnail","hentry"],"acf":[],"yoast_head":"<!-- This site is optimized with the Yoast SEO plugin v27.2 - https:\/\/yoast.com\/product\/yoast-seo-wordpress\/ -->\n<title>Sustainable supplier to achieve your environmental goals<\/title>\n<meta name=\"description\" content=\"At MailTecK &amp; Customer Comms, we integrate ourselves into the global sustainability management frameworks of the companies we work for. We support them in achieving their environmental objectives.\" \/>\n<meta name=\"robots\" content=\"index, follow, max-snippet:-1, max-image-preview:large, max-video-preview:-1\" \/>\n<link rel=\"canonical\" href=\"https:\/\/mailcommsgroup.com\/en\/us\/sustainability\/\" \/>\n<meta property=\"og:locale\" content=\"en_US\" \/>\n<meta property=\"og:type\" content=\"article\" \/>\n<meta property=\"og:title\" content=\"Sustainable supplier to achieve your environmental goals\" \/>\n<meta property=\"og:description\" content=\"At MailTecK &amp; Customer Comms, we integrate ourselves into the global sustainability management frameworks of the companies we work for. We support them in achieving their environmental objectives.\" \/>\n<meta property=\"og:url\" content=\"https:\/\/mailcommsgroup.com\/en\/us\/sustainability\/\" \/>\n<meta property=\"og:site_name\" content=\"Mailcomms Group\" \/>\n<meta property=\"article:modified_time\" content=\"2025-06-09T08:18:11+00:00\" \/>\n<meta property=\"og:image\" content=\"https:\/\/mailcommsgroup.com\/wp-content\/uploads\/2022\/04\/Mailteck-CustomerComms_892x623-1.jpg\" \/>\n\t<meta property=\"og:image:width\" content=\"892\" \/>\n\t<meta property=\"og:image:height\" content=\"623\" \/>\n\t<meta property=\"og:image:type\" content=\"image\/jpeg\" \/>\n<meta name=\"twitter:card\" content=\"summary_large_image\" \/>\n<meta name=\"twitter:site\" content=\"@CommsCustomer\" \/>\n<script type=\"application\/ld+json\" class=\"yoast-schema-graph\">{\"@context\":\"https:\/\/schema.org\",\"@graph\":[{\"@type\":\"WebPage\",\"@id\":\"https:\/\/mailcommsgroup.com\/en\/us\/sustainability\/\",\"url\":\"https:\/\/mailcommsgroup.com\/en\/us\/sustainability\/\",\"name\":\"Sustainable supplier to achieve your environmental goals\",\"isPartOf\":{\"@id\":\"https:\/\/mailcommsgroup.com\/en\/#website\"},\"primaryImageOfPage\":{\"@id\":\"https:\/\/mailcommsgroup.com\/en\/us\/sustainability\/#primaryimage\"},\"image\":{\"@id\":\"https:\/\/mailcommsgroup.com\/en\/us\/sustainability\/#primaryimage\"},\"thumbnailUrl\":\"https:\/\/mailcommsgroup.com\/wp-content\/uploads\/2022\/04\/Mailteck-CustomerComms_892x623-1.jpg\",\"datePublished\":\"2025-06-09T08:00:14+00:00\",\"dateModified\":\"2025-06-09T08:18:11+00:00\",\"description\":\"At MailTecK & Customer Comms, we integrate ourselves into the global sustainability management frameworks of the companies we work for. We support them in achieving their environmental objectives.\",\"breadcrumb\":{\"@id\":\"https:\/\/mailcommsgroup.com\/en\/us\/sustainability\/#breadcrumb\"},\"inLanguage\":\"en-US\",\"potentialAction\":[{\"@type\":\"ReadAction\",\"target\":[\"https:\/\/mailcommsgroup.com\/en\/us\/sustainability\/\"]}]},{\"@type\":\"ImageObject\",\"inLanguage\":\"en-US\",\"@id\":\"https:\/\/mailcommsgroup.com\/en\/us\/sustainability\/#primaryimage\",\"url\":\"https:\/\/mailcommsgroup.com\/wp-content\/uploads\/2022\/04\/Mailteck-CustomerComms_892x623-1.jpg\",\"contentUrl\":\"https:\/\/mailcommsgroup.com\/wp-content\/uploads\/2022\/04\/Mailteck-CustomerComms_892x623-1.jpg\",\"width\":892,\"height\":623,\"caption\":\"MailTecK & Customer Comms, tu proveedor sostenible en el camino de la transici\u00f3n digital\"},{\"@type\":\"BreadcrumbList\",\"@id\":\"https:\/\/mailcommsgroup.com\/en\/us\/sustainability\/#breadcrumb\",\"itemListElement\":[{\"@type\":\"ListItem\",\"position\":1,\"name\":\"Mailcomms Group\",\"item\":\"https:\/\/mailcommsgroup.com\/en\/\"},{\"@type\":\"ListItem\",\"position\":2,\"name\":\"MailComms Group\",\"item\":\"https:\/\/mailcommsgroup.com\/en\/?page_id=24733\"},{\"@type\":\"ListItem\",\"position\":3,\"name\":\"Sustainability\"}]},{\"@type\":\"WebSite\",\"@id\":\"https:\/\/mailcommsgroup.com\/en\/#website\",\"url\":\"https:\/\/mailcommsgroup.com\/en\/\",\"name\":\"MailComms Group\",\"description\":\"La transformaci\u00f3n digital a trav\u00e9s de la comunicaci\u00f3n omnicanal, con plena validez legal.\",\"publisher\":{\"@id\":\"https:\/\/mailcommsgroup.com\/en\/#organization\"},\"alternateName\":\"MailComms Group\",\"potentialAction\":[{\"@type\":\"SearchAction\",\"target\":{\"@type\":\"EntryPoint\",\"urlTemplate\":\"https:\/\/mailcommsgroup.com\/en\/?s={search_term_string}\"},\"query-input\":{\"@type\":\"PropertyValueSpecification\",\"valueRequired\":true,\"valueName\":\"search_term_string\"}}],\"inLanguage\":\"en-US\"},{\"@type\":\"Organization\",\"@id\":\"https:\/\/mailcommsgroup.com\/en\/#organization\",\"name\":\"MailComms Group - Soluciones de comunicaci\u00f3n omnicanal con validez legal.\",\"alternateName\":\"MailComms Group\",\"url\":\"https:\/\/mailcommsgroup.com\/en\/\",\"logo\":{\"@type\":\"ImageObject\",\"inLanguage\":\"en-US\",\"@id\":\"https:\/\/mailcommsgroup.com\/en\/#\/schema\/logo\/image\/\",\"url\":\"https:\/\/mailcommsgroup.com\/wp-content\/uploads\/2023\/05\/icon_mini_mailcommsgroup.png\",\"contentUrl\":\"https:\/\/mailcommsgroup.com\/wp-content\/uploads\/2023\/05\/icon_mini_mailcommsgroup.png\",\"width\":512,\"height\":512,\"caption\":\"MailComms Group - Soluciones de comunicaci\u00f3n omnicanal con validez legal.\"},\"image\":{\"@id\":\"https:\/\/mailcommsgroup.com\/en\/#\/schema\/logo\/image\/\"},\"sameAs\":[\"https:\/\/x.com\/CommsCustomer\",\"https:\/\/www.linkedin.com\/company\/customercomms\/\",\"https:\/\/www.youtube.com\/channel\/UCtvYLee1QHy89JS2-gMgnTQ\"]}]}<\/script>\n<!-- \/ Yoast SEO plugin. -->","yoast_head_json":{"title":"Sustainable supplier to achieve your environmental goals","description":"At MailTecK & Customer Comms, we integrate ourselves into the global sustainability management frameworks of the companies we work for. We support them in achieving their environmental objectives.","robots":{"index":"index","follow":"follow","max-snippet":"max-snippet:-1","max-image-preview":"max-image-preview:large","max-video-preview":"max-video-preview:-1"},"canonical":"https:\/\/mailcommsgroup.com\/en\/us\/sustainability\/","og_locale":"en_US","og_type":"article","og_title":"Sustainable supplier to achieve your environmental goals","og_description":"At MailTecK & Customer Comms, we integrate ourselves into the global sustainability management frameworks of the companies we work for. We support them in achieving their environmental objectives.","og_url":"https:\/\/mailcommsgroup.com\/en\/us\/sustainability\/","og_site_name":"Mailcomms Group","article_modified_time":"2025-06-09T08:18:11+00:00","og_image":[{"width":892,"height":623,"url":"https:\/\/mailcommsgroup.com\/wp-content\/uploads\/2022\/04\/Mailteck-CustomerComms_892x623-1.jpg","type":"image\/jpeg"}],"twitter_card":"summary_large_image","twitter_site":"@CommsCustomer","schema":{"@context":"https:\/\/schema.org","@graph":[{"@type":"WebPage","@id":"https:\/\/mailcommsgroup.com\/en\/us\/sustainability\/","url":"https:\/\/mailcommsgroup.com\/en\/us\/sustainability\/","name":"Sustainable supplier to achieve your environmental goals","isPartOf":{"@id":"https:\/\/mailcommsgroup.com\/en\/#website"},"primaryImageOfPage":{"@id":"https:\/\/mailcommsgroup.com\/en\/us\/sustainability\/#primaryimage"},"image":{"@id":"https:\/\/mailcommsgroup.com\/en\/us\/sustainability\/#primaryimage"},"thumbnailUrl":"https:\/\/mailcommsgroup.com\/wp-content\/uploads\/2022\/04\/Mailteck-CustomerComms_892x623-1.jpg","datePublished":"2025-06-09T08:00:14+00:00","dateModified":"2025-06-09T08:18:11+00:00","description":"At MailTecK & Customer Comms, we integrate ourselves into the global sustainability management frameworks of the companies we work for. We support them in achieving their environmental objectives.","breadcrumb":{"@id":"https:\/\/mailcommsgroup.com\/en\/us\/sustainability\/#breadcrumb"},"inLanguage":"en-US","potentialAction":[{"@type":"ReadAction","target":["https:\/\/mailcommsgroup.com\/en\/us\/sustainability\/"]}]},{"@type":"ImageObject","inLanguage":"en-US","@id":"https:\/\/mailcommsgroup.com\/en\/us\/sustainability\/#primaryimage","url":"https:\/\/mailcommsgroup.com\/wp-content\/uploads\/2022\/04\/Mailteck-CustomerComms_892x623-1.jpg","contentUrl":"https:\/\/mailcommsgroup.com\/wp-content\/uploads\/2022\/04\/Mailteck-CustomerComms_892x623-1.jpg","width":892,"height":623,"caption":"MailTecK & Customer Comms, tu proveedor sostenible en el camino de la transici\u00f3n digital"},{"@type":"BreadcrumbList","@id":"https:\/\/mailcommsgroup.com\/en\/us\/sustainability\/#breadcrumb","itemListElement":[{"@type":"ListItem","position":1,"name":"Mailcomms Group","item":"https:\/\/mailcommsgroup.com\/en\/"},{"@type":"ListItem","position":2,"name":"MailComms Group","item":"https:\/\/mailcommsgroup.com\/en\/?page_id=24733"},{"@type":"ListItem","position":3,"name":"Sustainability"}]},{"@type":"WebSite","@id":"https:\/\/mailcommsgroup.com\/en\/#website","url":"https:\/\/mailcommsgroup.com\/en\/","name":"MailComms Group","description":"La transformaci\u00f3n digital a trav\u00e9s de la comunicaci\u00f3n omnicanal, con plena validez legal.","publisher":{"@id":"https:\/\/mailcommsgroup.com\/en\/#organization"},"alternateName":"MailComms Group","potentialAction":[{"@type":"SearchAction","target":{"@type":"EntryPoint","urlTemplate":"https:\/\/mailcommsgroup.com\/en\/?s={search_term_string}"},"query-input":{"@type":"PropertyValueSpecification","valueRequired":true,"valueName":"search_term_string"}}],"inLanguage":"en-US"},{"@type":"Organization","@id":"https:\/\/mailcommsgroup.com\/en\/#organization","name":"MailComms Group - Soluciones de comunicaci\u00f3n omnicanal con validez legal.","alternateName":"MailComms Group","url":"https:\/\/mailcommsgroup.com\/en\/","logo":{"@type":"ImageObject","inLanguage":"en-US","@id":"https:\/\/mailcommsgroup.com\/en\/#\/schema\/logo\/image\/","url":"https:\/\/mailcommsgroup.com\/wp-content\/uploads\/2023\/05\/icon_mini_mailcommsgroup.png","contentUrl":"https:\/\/mailcommsgroup.com\/wp-content\/uploads\/2023\/05\/icon_mini_mailcommsgroup.png","width":512,"height":512,"caption":"MailComms Group - Soluciones de comunicaci\u00f3n omnicanal con validez legal."},"image":{"@id":"https:\/\/mailcommsgroup.com\/en\/#\/schema\/logo\/image\/"},"sameAs":["https:\/\/x.com\/CommsCustomer","https:\/\/www.linkedin.com\/company\/customercomms\/","https:\/\/www.youtube.com\/channel\/UCtvYLee1QHy89JS2-gMgnTQ"]}]}},"_links":{"self":[{"href":"https:\/\/mailcommsgroup.com\/en\/wp-json\/wp\/v2\/pages\/35639","targetHints":{"allow":["GET"]}}],"collection":[{"href":"https:\/\/mailcommsgroup.com\/en\/wp-json\/wp\/v2\/pages"}],"about":[{"href":"https:\/\/mailcommsgroup.com\/en\/wp-json\/wp\/v2\/types\/page"}],"author":[{"embeddable":true,"href":"https:\/\/mailcommsgroup.com\/en\/wp-json\/wp\/v2\/users\/1"}],"replies":[{"embeddable":true,"href":"https:\/\/mailcommsgroup.com\/en\/wp-json\/wp\/v2\/comments?post=35639"}],"version-history":[{"count":2,"href":"https:\/\/mailcommsgroup.com\/en\/wp-json\/wp\/v2\/pages\/35639\/revisions"}],"predecessor-version":[{"id":35673,"href":"https:\/\/mailcommsgroup.com\/en\/wp-json\/wp\/v2\/pages\/35639\/revisions\/35673"}],"up":[{"embeddable":true,"href":"https:\/\/mailcommsgroup.com\/en\/wp-json\/wp\/v2\/pages\/42637"}],"wp:featuredmedia":[{"embeddable":true,"href":"https:\/\/mailcommsgroup.com\/en\/wp-json\/wp\/v2\/media\/16927"}],"wp:attachment":[{"href":"https:\/\/mailcommsgroup.com\/en\/wp-json\/wp\/v2\/media?parent=35639"}],"curies":[{"name":"wp","href":"https:\/\/api.w.org\/{rel}","templated":true}]}}