{"id":27546,"date":"2024-07-04T10:59:30","date_gmt":"2024-07-04T08:59:30","guid":{"rendered":"https:\/\/mailcommsgroup.com\/?page_id=27546"},"modified":"2024-07-19T12:57:12","modified_gmt":"2024-07-19T10:57:12","slug":"electronic-signature","status":"publish","type":"page","link":"https:\/\/mailcommsgroup.com\/en\/digital-agreement\/electronic-signature\/","title":{"rendered":"Electronic signature"},"content":{"rendered":"","protected":false},"excerpt":{"rendered":"","protected":false},"author":1,"featured_media":17843,"parent":18289,"menu_order":0,"comment_status":"closed","ping_status":"closed","template":"intro-modular.php","meta":{"_acf_changed":false,"footnotes":""},"class_list":["post-27546","page","type-page","status-publish","has-post-thumbnail","hentry"],"acf":[],"yoast_head":"<!-- This site is optimized with the Yoast SEO plugin v27.2 - https:\/\/yoast.com\/product\/yoast-seo-wordpress\/ -->\n<title>\u00bb Contract your electronic signature software for companies<\/title>\n<meta name=\"description\" content=\"Increase the security of your documents with our electronic signature software for companies \u270d Check it out and see the results!\" \/>\n<meta name=\"robots\" content=\"index, follow, max-snippet:-1, max-image-preview:large, max-video-preview:-1\" \/>\n<link rel=\"canonical\" href=\"https:\/\/mailcommsgroup.com\/en\/digital-agreement\/electronic-signature\/\" \/>\n<meta property=\"og:locale\" content=\"en_US\" \/>\n<meta property=\"og:type\" content=\"article\" \/>\n<meta property=\"og:title\" content=\"\u00bb Contract your electronic signature software for companies\" \/>\n<meta property=\"og:description\" content=\"Increase the security of your documents with our electronic signature software for companies \u270d Check it out and see the results!\" \/>\n<meta property=\"og:url\" content=\"https:\/\/mailcommsgroup.com\/en\/digital-agreement\/electronic-signature\/\" \/>\n<meta property=\"og:site_name\" content=\"Mailcomms Group\" \/>\n<meta property=\"article:modified_time\" content=\"2024-07-19T10:57:12+00:00\" \/>\n<meta property=\"og:image\" content=\"https:\/\/mailcommsgroup.com\/wp-content\/uploads\/2023\/05\/imagen_cabecera_firma_electronica.png\" \/>\n\t<meta property=\"og:image:width\" content=\"482\" \/>\n\t<meta property=\"og:image:height\" content=\"401\" \/>\n\t<meta property=\"og:image:type\" content=\"image\/png\" \/>\n<meta name=\"twitter:card\" content=\"summary_large_image\" \/>\n<meta name=\"twitter:site\" content=\"@CommsCustomer\" \/>\n<script type=\"application\/ld+json\" class=\"yoast-schema-graph\">{\"@context\":\"https:\/\/schema.org\",\"@graph\":[{\"@type\":\"WebPage\",\"@id\":\"https:\/\/mailcommsgroup.com\/en\/digital-agreement\/electronic-signature\/\",\"url\":\"https:\/\/mailcommsgroup.com\/en\/digital-agreement\/electronic-signature\/\",\"name\":\"\u00bb Contract your electronic signature software for companies\",\"isPartOf\":{\"@id\":\"https:\/\/mailcommsgroup.com\/en\/#website\"},\"primaryImageOfPage\":{\"@id\":\"https:\/\/mailcommsgroup.com\/en\/digital-agreement\/electronic-signature\/#primaryimage\"},\"image\":{\"@id\":\"https:\/\/mailcommsgroup.com\/en\/digital-agreement\/electronic-signature\/#primaryimage\"},\"thumbnailUrl\":\"https:\/\/mailcommsgroup.com\/wp-content\/uploads\/2023\/05\/imagen_cabecera_firma_electronica.png\",\"datePublished\":\"2024-07-04T08:59:30+00:00\",\"dateModified\":\"2024-07-19T10:57:12+00:00\",\"description\":\"Increase the security of your documents with our electronic signature software for companies \u270d Check it out and see the results!\",\"breadcrumb\":{\"@id\":\"https:\/\/mailcommsgroup.com\/en\/digital-agreement\/electronic-signature\/#breadcrumb\"},\"inLanguage\":\"en-US\",\"potentialAction\":[{\"@type\":\"ReadAction\",\"target\":[\"https:\/\/mailcommsgroup.com\/en\/digital-agreement\/electronic-signature\/\"]}]},{\"@type\":\"ImageObject\",\"inLanguage\":\"en-US\",\"@id\":\"https:\/\/mailcommsgroup.com\/en\/digital-agreement\/electronic-signature\/#primaryimage\",\"url\":\"https:\/\/mailcommsgroup.com\/wp-content\/uploads\/2023\/05\/imagen_cabecera_firma_electronica.png\",\"contentUrl\":\"https:\/\/mailcommsgroup.com\/wp-content\/uploads\/2023\/05\/imagen_cabecera_firma_electronica.png\",\"width\":482,\"height\":401,\"caption\":\"Firma electr\u00f3nica\"},{\"@type\":\"BreadcrumbList\",\"@id\":\"https:\/\/mailcommsgroup.com\/en\/digital-agreement\/electronic-signature\/#breadcrumb\",\"itemListElement\":[{\"@type\":\"ListItem\",\"position\":1,\"name\":\"Mailcomms Group\",\"item\":\"https:\/\/mailcommsgroup.com\/en\/\"},{\"@type\":\"ListItem\",\"position\":2,\"name\":\"E-procurement\",\"item\":\"https:\/\/mailcommsgroup.com\/en\/digital-agreement\/\"},{\"@type\":\"ListItem\",\"position\":3,\"name\":\"Electronic signature\"}]},{\"@type\":\"WebSite\",\"@id\":\"https:\/\/mailcommsgroup.com\/en\/#website\",\"url\":\"https:\/\/mailcommsgroup.com\/en\/\",\"name\":\"MailComms Group\",\"description\":\"La transformaci\u00f3n digital a trav\u00e9s de la comunicaci\u00f3n omnicanal, con plena validez legal.\",\"publisher\":{\"@id\":\"https:\/\/mailcommsgroup.com\/en\/#organization\"},\"alternateName\":\"MailComms Group\",\"potentialAction\":[{\"@type\":\"SearchAction\",\"target\":{\"@type\":\"EntryPoint\",\"urlTemplate\":\"https:\/\/mailcommsgroup.com\/en\/?s={search_term_string}\"},\"query-input\":{\"@type\":\"PropertyValueSpecification\",\"valueRequired\":true,\"valueName\":\"search_term_string\"}}],\"inLanguage\":\"en-US\"},{\"@type\":\"Organization\",\"@id\":\"https:\/\/mailcommsgroup.com\/en\/#organization\",\"name\":\"MailComms Group - Soluciones de comunicaci\u00f3n omnicanal con validez legal.\",\"alternateName\":\"MailComms Group\",\"url\":\"https:\/\/mailcommsgroup.com\/en\/\",\"logo\":{\"@type\":\"ImageObject\",\"inLanguage\":\"en-US\",\"@id\":\"https:\/\/mailcommsgroup.com\/en\/#\/schema\/logo\/image\/\",\"url\":\"https:\/\/mailcommsgroup.com\/wp-content\/uploads\/2023\/05\/icon_mini_mailcommsgroup.png\",\"contentUrl\":\"https:\/\/mailcommsgroup.com\/wp-content\/uploads\/2023\/05\/icon_mini_mailcommsgroup.png\",\"width\":512,\"height\":512,\"caption\":\"MailComms Group - Soluciones de comunicaci\u00f3n omnicanal con validez legal.\"},\"image\":{\"@id\":\"https:\/\/mailcommsgroup.com\/en\/#\/schema\/logo\/image\/\"},\"sameAs\":[\"https:\/\/x.com\/CommsCustomer\",\"https:\/\/www.linkedin.com\/company\/customercomms\/\",\"https:\/\/www.youtube.com\/channel\/UCtvYLee1QHy89JS2-gMgnTQ\"]}]}<\/script>\n<!-- \/ Yoast SEO plugin. -->","yoast_head_json":{"title":"\u00bb Contract your electronic signature software for companies","description":"Increase the security of your documents with our electronic signature software for companies \u270d Check it out and see the results!","robots":{"index":"index","follow":"follow","max-snippet":"max-snippet:-1","max-image-preview":"max-image-preview:large","max-video-preview":"max-video-preview:-1"},"canonical":"https:\/\/mailcommsgroup.com\/en\/digital-agreement\/electronic-signature\/","og_locale":"en_US","og_type":"article","og_title":"\u00bb Contract your electronic signature software for companies","og_description":"Increase the security of your documents with our electronic signature software for companies \u270d Check it out and see the results!","og_url":"https:\/\/mailcommsgroup.com\/en\/digital-agreement\/electronic-signature\/","og_site_name":"Mailcomms Group","article_modified_time":"2024-07-19T10:57:12+00:00","og_image":[{"width":482,"height":401,"url":"https:\/\/mailcommsgroup.com\/wp-content\/uploads\/2023\/05\/imagen_cabecera_firma_electronica.png","type":"image\/png"}],"twitter_card":"summary_large_image","twitter_site":"@CommsCustomer","schema":{"@context":"https:\/\/schema.org","@graph":[{"@type":"WebPage","@id":"https:\/\/mailcommsgroup.com\/en\/digital-agreement\/electronic-signature\/","url":"https:\/\/mailcommsgroup.com\/en\/digital-agreement\/electronic-signature\/","name":"\u00bb Contract your electronic signature software for companies","isPartOf":{"@id":"https:\/\/mailcommsgroup.com\/en\/#website"},"primaryImageOfPage":{"@id":"https:\/\/mailcommsgroup.com\/en\/digital-agreement\/electronic-signature\/#primaryimage"},"image":{"@id":"https:\/\/mailcommsgroup.com\/en\/digital-agreement\/electronic-signature\/#primaryimage"},"thumbnailUrl":"https:\/\/mailcommsgroup.com\/wp-content\/uploads\/2023\/05\/imagen_cabecera_firma_electronica.png","datePublished":"2024-07-04T08:59:30+00:00","dateModified":"2024-07-19T10:57:12+00:00","description":"Increase the security of your documents with our electronic signature software for companies \u270d Check it out and see the results!","breadcrumb":{"@id":"https:\/\/mailcommsgroup.com\/en\/digital-agreement\/electronic-signature\/#breadcrumb"},"inLanguage":"en-US","potentialAction":[{"@type":"ReadAction","target":["https:\/\/mailcommsgroup.com\/en\/digital-agreement\/electronic-signature\/"]}]},{"@type":"ImageObject","inLanguage":"en-US","@id":"https:\/\/mailcommsgroup.com\/en\/digital-agreement\/electronic-signature\/#primaryimage","url":"https:\/\/mailcommsgroup.com\/wp-content\/uploads\/2023\/05\/imagen_cabecera_firma_electronica.png","contentUrl":"https:\/\/mailcommsgroup.com\/wp-content\/uploads\/2023\/05\/imagen_cabecera_firma_electronica.png","width":482,"height":401,"caption":"Firma electr\u00f3nica"},{"@type":"BreadcrumbList","@id":"https:\/\/mailcommsgroup.com\/en\/digital-agreement\/electronic-signature\/#breadcrumb","itemListElement":[{"@type":"ListItem","position":1,"name":"Mailcomms Group","item":"https:\/\/mailcommsgroup.com\/en\/"},{"@type":"ListItem","position":2,"name":"E-procurement","item":"https:\/\/mailcommsgroup.com\/en\/digital-agreement\/"},{"@type":"ListItem","position":3,"name":"Electronic signature"}]},{"@type":"WebSite","@id":"https:\/\/mailcommsgroup.com\/en\/#website","url":"https:\/\/mailcommsgroup.com\/en\/","name":"MailComms Group","description":"La transformaci\u00f3n digital a trav\u00e9s de la comunicaci\u00f3n omnicanal, con plena validez legal.","publisher":{"@id":"https:\/\/mailcommsgroup.com\/en\/#organization"},"alternateName":"MailComms Group","potentialAction":[{"@type":"SearchAction","target":{"@type":"EntryPoint","urlTemplate":"https:\/\/mailcommsgroup.com\/en\/?s={search_term_string}"},"query-input":{"@type":"PropertyValueSpecification","valueRequired":true,"valueName":"search_term_string"}}],"inLanguage":"en-US"},{"@type":"Organization","@id":"https:\/\/mailcommsgroup.com\/en\/#organization","name":"MailComms Group - Soluciones de comunicaci\u00f3n omnicanal con validez legal.","alternateName":"MailComms Group","url":"https:\/\/mailcommsgroup.com\/en\/","logo":{"@type":"ImageObject","inLanguage":"en-US","@id":"https:\/\/mailcommsgroup.com\/en\/#\/schema\/logo\/image\/","url":"https:\/\/mailcommsgroup.com\/wp-content\/uploads\/2023\/05\/icon_mini_mailcommsgroup.png","contentUrl":"https:\/\/mailcommsgroup.com\/wp-content\/uploads\/2023\/05\/icon_mini_mailcommsgroup.png","width":512,"height":512,"caption":"MailComms Group - Soluciones de comunicaci\u00f3n omnicanal con validez legal."},"image":{"@id":"https:\/\/mailcommsgroup.com\/en\/#\/schema\/logo\/image\/"},"sameAs":["https:\/\/x.com\/CommsCustomer","https:\/\/www.linkedin.com\/company\/customercomms\/","https:\/\/www.youtube.com\/channel\/UCtvYLee1QHy89JS2-gMgnTQ"]}]}},"_links":{"self":[{"href":"https:\/\/mailcommsgroup.com\/en\/wp-json\/wp\/v2\/pages\/27546","targetHints":{"allow":["GET"]}}],"collection":[{"href":"https:\/\/mailcommsgroup.com\/en\/wp-json\/wp\/v2\/pages"}],"about":[{"href":"https:\/\/mailcommsgroup.com\/en\/wp-json\/wp\/v2\/types\/page"}],"author":[{"embeddable":true,"href":"https:\/\/mailcommsgroup.com\/en\/wp-json\/wp\/v2\/users\/1"}],"replies":[{"embeddable":true,"href":"https:\/\/mailcommsgroup.com\/en\/wp-json\/wp\/v2\/comments?post=27546"}],"version-history":[{"count":1,"href":"https:\/\/mailcommsgroup.com\/en\/wp-json\/wp\/v2\/pages\/27546\/revisions"}],"predecessor-version":[{"id":27575,"href":"https:\/\/mailcommsgroup.com\/en\/wp-json\/wp\/v2\/pages\/27546\/revisions\/27575"}],"up":[{"embeddable":true,"href":"https:\/\/mailcommsgroup.com\/en\/wp-json\/wp\/v2\/pages\/18289"}],"wp:featuredmedia":[{"embeddable":true,"href":"https:\/\/mailcommsgroup.com\/en\/wp-json\/wp\/v2\/media\/17843"}],"wp:attachment":[{"href":"https:\/\/mailcommsgroup.com\/en\/wp-json\/wp\/v2\/media?parent=27546"}],"curies":[{"name":"wp","href":"https:\/\/api.w.org\/{rel}","templated":true}]}}