{"id":18293,"date":"2022-04-25T18:11:19","date_gmt":"2022-04-25T16:11:19","guid":{"rendered":"https:\/\/mailcommsgroup.com\/e-procurement\/virtual-signature-room\/"},"modified":"2025-01-30T10:17:00","modified_gmt":"2025-01-30T09:17:00","slug":"virtual-signature-room","status":"publish","type":"page","link":"https:\/\/mailcommsgroup.com\/en\/digital-agreement\/virtual-signature-room\/","title":{"rendered":"Virtual Signature Room"},"content":{"rendered":"","protected":false},"excerpt":{"rendered":"","protected":false},"author":1,"featured_media":17983,"parent":18289,"menu_order":0,"comment_status":"closed","ping_status":"closed","template":"intro-modular.php","meta":{"_acf_changed":false,"footnotes":""},"class_list":["post-18293","page","type-page","status-publish","has-post-thumbnail","hentry"],"acf":[],"yoast_head":"<!-- This site is optimized with the Yoast SEO plugin v27.2 - https:\/\/yoast.com\/product\/yoast-seo-wordpress\/ -->\n<title>Virtual Signature Room \u270d Personal Counseling for Agreements<\/title>\n<meta name=\"description\" content=\"Advise your clients on complex agreements through videoconferencing \u2714\ufe0f Virtual Signature Room guarantees confidence and clarity in each contract.\" \/>\n<meta name=\"robots\" content=\"index, follow, max-snippet:-1, max-image-preview:large, max-video-preview:-1\" \/>\n<link rel=\"canonical\" href=\"https:\/\/mailcommsgroup.com\/en\/digital-agreement\/virtual-signature-room\/\" \/>\n<meta property=\"og:locale\" content=\"en_US\" \/>\n<meta property=\"og:type\" content=\"article\" \/>\n<meta property=\"og:title\" content=\"Virtual Signature Room \u270d Personal Counseling for Agreements\" \/>\n<meta property=\"og:description\" content=\"Advise your clients on complex agreements through videoconferencing \u2714\ufe0f Virtual Signature Room guarantees confidence and clarity in each contract.\" \/>\n<meta property=\"og:url\" content=\"https:\/\/mailcommsgroup.com\/en\/digital-agreement\/virtual-signature-room\/\" \/>\n<meta property=\"og:site_name\" content=\"Mailcomms Group\" \/>\n<meta property=\"article:modified_time\" content=\"2025-01-30T09:17:00+00:00\" \/>\n<meta property=\"og:image\" content=\"https:\/\/mailcommsgroup.com\/wp-content\/uploads\/2023\/06\/Sala_firma_cabecera-e1687781614572.png\" \/>\n\t<meta property=\"og:image:width\" content=\"394\" \/>\n\t<meta property=\"og:image:height\" content=\"401\" \/>\n\t<meta property=\"og:image:type\" content=\"image\/png\" \/>\n<meta name=\"twitter:card\" content=\"summary_large_image\" \/>\n<meta name=\"twitter:site\" content=\"@CommsCustomer\" \/>\n<script type=\"application\/ld+json\" class=\"yoast-schema-graph\">{\"@context\":\"https:\/\/schema.org\",\"@graph\":[{\"@type\":\"WebPage\",\"@id\":\"https:\/\/mailcommsgroup.com\/en\/digital-agreement\/virtual-signature-room\/\",\"url\":\"https:\/\/mailcommsgroup.com\/en\/digital-agreement\/virtual-signature-room\/\",\"name\":\"Virtual Signature Room \u270d Personal Counseling for Agreements\",\"isPartOf\":{\"@id\":\"https:\/\/mailcommsgroup.com\/en\/#website\"},\"primaryImageOfPage\":{\"@id\":\"https:\/\/mailcommsgroup.com\/en\/digital-agreement\/virtual-signature-room\/#primaryimage\"},\"image\":{\"@id\":\"https:\/\/mailcommsgroup.com\/en\/digital-agreement\/virtual-signature-room\/#primaryimage\"},\"thumbnailUrl\":\"https:\/\/mailcommsgroup.com\/wp-content\/uploads\/2023\/06\/Sala_firma_cabecera-e1687781614572.png\",\"datePublished\":\"2022-04-25T16:11:19+00:00\",\"dateModified\":\"2025-01-30T09:17:00+00:00\",\"description\":\"Advise your clients on complex agreements through videoconferencing \u2714\ufe0f Virtual Signature Room guarantees confidence and clarity in each contract.\",\"breadcrumb\":{\"@id\":\"https:\/\/mailcommsgroup.com\/en\/digital-agreement\/virtual-signature-room\/#breadcrumb\"},\"inLanguage\":\"en-US\",\"potentialAction\":[{\"@type\":\"ReadAction\",\"target\":[\"https:\/\/mailcommsgroup.com\/en\/digital-agreement\/virtual-signature-room\/\"]}]},{\"@type\":\"ImageObject\",\"inLanguage\":\"en-US\",\"@id\":\"https:\/\/mailcommsgroup.com\/en\/digital-agreement\/virtual-signature-room\/#primaryimage\",\"url\":\"https:\/\/mailcommsgroup.com\/wp-content\/uploads\/2023\/06\/Sala_firma_cabecera-e1687781614572.png\",\"contentUrl\":\"https:\/\/mailcommsgroup.com\/wp-content\/uploads\/2023\/06\/Sala_firma_cabecera-e1687781614572.png\",\"width\":394,\"height\":401,\"caption\":\"Sala virtual de firma\"},{\"@type\":\"BreadcrumbList\",\"@id\":\"https:\/\/mailcommsgroup.com\/en\/digital-agreement\/virtual-signature-room\/#breadcrumb\",\"itemListElement\":[{\"@type\":\"ListItem\",\"position\":1,\"name\":\"Mailcomms Group\",\"item\":\"https:\/\/mailcommsgroup.com\/en\/\"},{\"@type\":\"ListItem\",\"position\":2,\"name\":\"E-procurement\",\"item\":\"https:\/\/mailcommsgroup.com\/en\/digital-agreement\/\"},{\"@type\":\"ListItem\",\"position\":3,\"name\":\"Virtual Signature Room\"}]},{\"@type\":\"WebSite\",\"@id\":\"https:\/\/mailcommsgroup.com\/en\/#website\",\"url\":\"https:\/\/mailcommsgroup.com\/en\/\",\"name\":\"MailComms Group\",\"description\":\"La transformaci\u00f3n digital a trav\u00e9s de la comunicaci\u00f3n omnicanal, con plena validez legal.\",\"publisher\":{\"@id\":\"https:\/\/mailcommsgroup.com\/en\/#organization\"},\"alternateName\":\"MailComms Group\",\"potentialAction\":[{\"@type\":\"SearchAction\",\"target\":{\"@type\":\"EntryPoint\",\"urlTemplate\":\"https:\/\/mailcommsgroup.com\/en\/?s={search_term_string}\"},\"query-input\":{\"@type\":\"PropertyValueSpecification\",\"valueRequired\":true,\"valueName\":\"search_term_string\"}}],\"inLanguage\":\"en-US\"},{\"@type\":\"Organization\",\"@id\":\"https:\/\/mailcommsgroup.com\/en\/#organization\",\"name\":\"MailComms Group - Soluciones de comunicaci\u00f3n omnicanal con validez legal.\",\"alternateName\":\"MailComms Group\",\"url\":\"https:\/\/mailcommsgroup.com\/en\/\",\"logo\":{\"@type\":\"ImageObject\",\"inLanguage\":\"en-US\",\"@id\":\"https:\/\/mailcommsgroup.com\/en\/#\/schema\/logo\/image\/\",\"url\":\"https:\/\/mailcommsgroup.com\/wp-content\/uploads\/2023\/05\/icon_mini_mailcommsgroup.png\",\"contentUrl\":\"https:\/\/mailcommsgroup.com\/wp-content\/uploads\/2023\/05\/icon_mini_mailcommsgroup.png\",\"width\":512,\"height\":512,\"caption\":\"MailComms Group - Soluciones de comunicaci\u00f3n omnicanal con validez legal.\"},\"image\":{\"@id\":\"https:\/\/mailcommsgroup.com\/en\/#\/schema\/logo\/image\/\"},\"sameAs\":[\"https:\/\/x.com\/CommsCustomer\",\"https:\/\/www.linkedin.com\/company\/customercomms\/\",\"https:\/\/www.youtube.com\/channel\/UCtvYLee1QHy89JS2-gMgnTQ\"]}]}<\/script>\n<!-- \/ Yoast SEO plugin. -->","yoast_head_json":{"title":"Virtual Signature Room \u270d Personal Counseling for Agreements","description":"Advise your clients on complex agreements through videoconferencing \u2714\ufe0f Virtual Signature Room guarantees confidence and clarity in each contract.","robots":{"index":"index","follow":"follow","max-snippet":"max-snippet:-1","max-image-preview":"max-image-preview:large","max-video-preview":"max-video-preview:-1"},"canonical":"https:\/\/mailcommsgroup.com\/en\/digital-agreement\/virtual-signature-room\/","og_locale":"en_US","og_type":"article","og_title":"Virtual Signature Room \u270d Personal Counseling for Agreements","og_description":"Advise your clients on complex agreements through videoconferencing \u2714\ufe0f Virtual Signature Room guarantees confidence and clarity in each contract.","og_url":"https:\/\/mailcommsgroup.com\/en\/digital-agreement\/virtual-signature-room\/","og_site_name":"Mailcomms Group","article_modified_time":"2025-01-30T09:17:00+00:00","og_image":[{"width":394,"height":401,"url":"https:\/\/mailcommsgroup.com\/wp-content\/uploads\/2023\/06\/Sala_firma_cabecera-e1687781614572.png","type":"image\/png"}],"twitter_card":"summary_large_image","twitter_site":"@CommsCustomer","schema":{"@context":"https:\/\/schema.org","@graph":[{"@type":"WebPage","@id":"https:\/\/mailcommsgroup.com\/en\/digital-agreement\/virtual-signature-room\/","url":"https:\/\/mailcommsgroup.com\/en\/digital-agreement\/virtual-signature-room\/","name":"Virtual Signature Room \u270d Personal Counseling for Agreements","isPartOf":{"@id":"https:\/\/mailcommsgroup.com\/en\/#website"},"primaryImageOfPage":{"@id":"https:\/\/mailcommsgroup.com\/en\/digital-agreement\/virtual-signature-room\/#primaryimage"},"image":{"@id":"https:\/\/mailcommsgroup.com\/en\/digital-agreement\/virtual-signature-room\/#primaryimage"},"thumbnailUrl":"https:\/\/mailcommsgroup.com\/wp-content\/uploads\/2023\/06\/Sala_firma_cabecera-e1687781614572.png","datePublished":"2022-04-25T16:11:19+00:00","dateModified":"2025-01-30T09:17:00+00:00","description":"Advise your clients on complex agreements through videoconferencing \u2714\ufe0f Virtual Signature Room guarantees confidence and clarity in each contract.","breadcrumb":{"@id":"https:\/\/mailcommsgroup.com\/en\/digital-agreement\/virtual-signature-room\/#breadcrumb"},"inLanguage":"en-US","potentialAction":[{"@type":"ReadAction","target":["https:\/\/mailcommsgroup.com\/en\/digital-agreement\/virtual-signature-room\/"]}]},{"@type":"ImageObject","inLanguage":"en-US","@id":"https:\/\/mailcommsgroup.com\/en\/digital-agreement\/virtual-signature-room\/#primaryimage","url":"https:\/\/mailcommsgroup.com\/wp-content\/uploads\/2023\/06\/Sala_firma_cabecera-e1687781614572.png","contentUrl":"https:\/\/mailcommsgroup.com\/wp-content\/uploads\/2023\/06\/Sala_firma_cabecera-e1687781614572.png","width":394,"height":401,"caption":"Sala virtual de firma"},{"@type":"BreadcrumbList","@id":"https:\/\/mailcommsgroup.com\/en\/digital-agreement\/virtual-signature-room\/#breadcrumb","itemListElement":[{"@type":"ListItem","position":1,"name":"Mailcomms Group","item":"https:\/\/mailcommsgroup.com\/en\/"},{"@type":"ListItem","position":2,"name":"E-procurement","item":"https:\/\/mailcommsgroup.com\/en\/digital-agreement\/"},{"@type":"ListItem","position":3,"name":"Virtual Signature Room"}]},{"@type":"WebSite","@id":"https:\/\/mailcommsgroup.com\/en\/#website","url":"https:\/\/mailcommsgroup.com\/en\/","name":"MailComms Group","description":"La transformaci\u00f3n digital a trav\u00e9s de la comunicaci\u00f3n omnicanal, con plena validez legal.","publisher":{"@id":"https:\/\/mailcommsgroup.com\/en\/#organization"},"alternateName":"MailComms Group","potentialAction":[{"@type":"SearchAction","target":{"@type":"EntryPoint","urlTemplate":"https:\/\/mailcommsgroup.com\/en\/?s={search_term_string}"},"query-input":{"@type":"PropertyValueSpecification","valueRequired":true,"valueName":"search_term_string"}}],"inLanguage":"en-US"},{"@type":"Organization","@id":"https:\/\/mailcommsgroup.com\/en\/#organization","name":"MailComms Group - Soluciones de comunicaci\u00f3n omnicanal con validez legal.","alternateName":"MailComms Group","url":"https:\/\/mailcommsgroup.com\/en\/","logo":{"@type":"ImageObject","inLanguage":"en-US","@id":"https:\/\/mailcommsgroup.com\/en\/#\/schema\/logo\/image\/","url":"https:\/\/mailcommsgroup.com\/wp-content\/uploads\/2023\/05\/icon_mini_mailcommsgroup.png","contentUrl":"https:\/\/mailcommsgroup.com\/wp-content\/uploads\/2023\/05\/icon_mini_mailcommsgroup.png","width":512,"height":512,"caption":"MailComms Group - Soluciones de comunicaci\u00f3n omnicanal con validez legal."},"image":{"@id":"https:\/\/mailcommsgroup.com\/en\/#\/schema\/logo\/image\/"},"sameAs":["https:\/\/x.com\/CommsCustomer","https:\/\/www.linkedin.com\/company\/customercomms\/","https:\/\/www.youtube.com\/channel\/UCtvYLee1QHy89JS2-gMgnTQ"]}]}},"_links":{"self":[{"href":"https:\/\/mailcommsgroup.com\/en\/wp-json\/wp\/v2\/pages\/18293","targetHints":{"allow":["GET"]}}],"collection":[{"href":"https:\/\/mailcommsgroup.com\/en\/wp-json\/wp\/v2\/pages"}],"about":[{"href":"https:\/\/mailcommsgroup.com\/en\/wp-json\/wp\/v2\/types\/page"}],"author":[{"embeddable":true,"href":"https:\/\/mailcommsgroup.com\/en\/wp-json\/wp\/v2\/users\/1"}],"replies":[{"embeddable":true,"href":"https:\/\/mailcommsgroup.com\/en\/wp-json\/wp\/v2\/comments?post=18293"}],"version-history":[{"count":4,"href":"https:\/\/mailcommsgroup.com\/en\/wp-json\/wp\/v2\/pages\/18293\/revisions"}],"predecessor-version":[{"id":31592,"href":"https:\/\/mailcommsgroup.com\/en\/wp-json\/wp\/v2\/pages\/18293\/revisions\/31592"}],"up":[{"embeddable":true,"href":"https:\/\/mailcommsgroup.com\/en\/wp-json\/wp\/v2\/pages\/18289"}],"wp:featuredmedia":[{"embeddable":true,"href":"https:\/\/mailcommsgroup.com\/en\/wp-json\/wp\/v2\/media\/17983"}],"wp:attachment":[{"href":"https:\/\/mailcommsgroup.com\/en\/wp-json\/wp\/v2\/media?parent=18293"}],"curies":[{"name":"wp","href":"https:\/\/api.w.org\/{rel}","templated":true}]}}